

{"id":104,"date":"2022-04-10T18:32:06","date_gmt":"2022-04-10T18:32:06","guid":{"rendered":"https:\/\/bodhigourmet.com\/home\/"},"modified":"2023-09-26T14:38:52","modified_gmt":"2023-09-26T14:38:52","slug":"our-story","status":"publish","type":"page","link":"https:\/\/bodhigourmet.com\/fr\/our-story\/","title":{"rendered":"Notre histoire"},"content":{"rendered":"<div data-elementor-type=\"wp-page\" data-elementor-id=\"104\" class=\"elementor elementor-104\">\n\t\t\t\t\t\t\t\t\t<section class=\"elementor-section elementor-top-section elementor-element elementor-element-d6a4f09 elementor-section-full_width elementor-section-content-top elementor-section-height-default elementor-section-height-default wpr-particle-no wpr-jarallax-no wpr-parallax-no wpr-sticky-section-no\" data-id=\"d6a4f09\" data-element_type=\"section\">\n\t\t\t\t\t\t<div class=\"elementor-container elementor-column-gap-no\">\n\t\t\t\t\t<div class=\"elementor-column elementor-col-50 elementor-top-column elementor-element elementor-element-89918c6\" data-id=\"89918c6\" data-element_type=\"column\">\n\t\t\t<div class=\"elementor-widget-wrap elementor-element-populated\">\n\t\t\t\t\t\t\t\t<div class=\"elementor-element elementor-element-c7b0fc7 elementor-widget elementor-widget-heading\" data-id=\"c7b0fc7\" data-element_type=\"widget\" data-widget_type=\"heading.default\">\n\t\t\t\t<div class=\"elementor-widget-container\">\n\t\t\t<style>\/*! elementor - v3.6.2 - 04-04-2022 *\/\n.elementor-heading-title{padding:0;margin:0;line-height:1}.elementor-widget-heading .elementor-heading-title[class*=elementor-size-]>a{color:inherit;font-size:inherit;line-height:inherit}.elementor-widget-heading .elementor-heading-title.elementor-size-small{font-size:15px}.elementor-widget-heading .elementor-heading-title.elementor-size-medium{font-size:19px}.elementor-widget-heading .elementor-heading-title.elementor-size-large{font-size:29px}.elementor-widget-heading .elementor-heading-title.elementor-size-xl{font-size:39px}.elementor-widget-heading .elementor-heading-title.elementor-size-xxl{font-size:59px}<\/style><h6 class=\"elementor-heading-title elementor-size-default\">Notre histoire<\/h6>\t\t<\/div>\n\t\t\t\t<\/div>\n\t\t\t\t<div class=\"elementor-element elementor-element-f6ba42d elementor-widget elementor-widget-text-editor\" data-id=\"f6ba42d\" data-element_type=\"widget\" data-widget_type=\"text-editor.default\">\n\t\t\t\t<div class=\"elementor-widget-container\">\n\t\t\t<style>\/*! elementor - v3.6.2 - 04-04-2022 *\/\n.elementor-widget-text-editor.elementor-drop-cap-view-stacked .elementor-drop-cap{background-color:#818a91;color:#fff}.elementor-widget-text-editor.elementor-drop-cap-view-framed .elementor-drop-cap{color:#818a91;border:3px solid;background-color:transparent}.elementor-widget-text-editor:not(.elementor-drop-cap-view-default) .elementor-drop-cap{margin-top:8px}.elementor-widget-text-editor:not(.elementor-drop-cap-view-default) .elementor-drop-cap-letter{width:1em;height:1em}.elementor-widget-text-editor .elementor-drop-cap{float:left;text-align:center;line-height:1;font-size:50px}.elementor-widget-text-editor .elementor-drop-cap-letter{display:inline-block}<\/style>\t\t\t\t<p>C'est au c\u0153ur de Montr\u00e9al que mon histoire a commenc\u00e9.<\/p><p>Lorsque mes parents ont quitt\u00e9 Saigon apr\u00e8s la fin tumultueuse de la guerre du Vi\u00eat Nam en 1975, ils ont emport\u00e9 avec eux les souvenirs ind\u00e9l\u00e9biles de leur pays et toute la riche palette de notre h\u00e9ritage culinaire. Deux ans plus tard, je suis n\u00e9e dans ce pays qui nous promettait un nouveau d\u00e9part.<\/p><p>Grandir \u00e0 Montr\u00e9al, ce fut la rencontre de deux mondes. \u00c0 la maison, les ar\u00f4mes parfum\u00e9s des plats vietnamiens traditionnels flottaient dans l'air, t\u00e9moignant des talents culinaires de ma m\u00e8re. En contraste, \u00e0 l'ext\u00e9rieur, la ville \u00e9tait une m\u00e9tropole anim\u00e9e, aux go\u00fbts divers et aux choix alimentaires en constante \u00e9volution.<\/p><p>En 2018, alors que le mouvement v\u00e9gane prenait son envol, je me suis retrouv\u00e9e \u00e0 la crois\u00e9e des chemins. Mon amour pour la cuisine asiatique et mon nouveau mode de vie v\u00e9gane ont converg\u00e9 vers la cr\u00e9ation d'un service de traiteur de cuisine asiatique, ax\u00e9 uniquement sur un menu v\u00e9gane.<\/p><p>Mais j'ai rapidement remarqu\u00e9 que des produits incontournables comme les sauces aux hu\u00eetres et au poisson, qui sont des \u00e9l\u00e9ments essentiels de la cuisine d'Asie orientale, \u00e9taient difficiles \u00e0 trouver en version v\u00e9g\u00e9talienne.<\/p><p>J'ai donc exp\u00e9riment\u00e9 de nombreuses recettes jusqu'\u00e0 ce que j'aie trouv\u00e9 les bonnes formulations.<\/p><p>Lorsqu'il s'agit de la fameuse sauce de poisson vietnamienne, trouver le go\u00fbt juste a \u00e9t\u00e9 un v\u00e9ritable d\u00e9fi. J'ai fait \u00e9quipe avec ma m\u00e8re et, nous appuyant sur notre amour de la bonne bouffe, nous avons perfectionn\u00e9 les sauces de poisson afin que chaque goutte fasse \u00e9cho aux recettes pr\u00e9f\u00e9r\u00e9es de mon enfance.<\/p><p>Pour les sauces v\u00e9ganes aux hu\u00eetres et au BBQ cor\u00e9en, j'ai puis\u00e9 dans la myriade de saveurs asiatiques, accordant les traditions aux inspirations modernes.<\/p><p>Each creation, whether drawn from a collaborative work or individual exploration, reflects my deep respect for tradition and a commitment to a sustainable future that is kinder to animals and our planet.<\/p>\t\t\t\t\t\t<\/div>\n\t\t\t\t<\/div>\n\t\t\t\t\t<\/div>\n\t\t<\/div>\n\t\t\t\t<div class=\"elementor-column elementor-col-50 elementor-top-column elementor-element elementor-element-7ee1924\" data-id=\"7ee1924\" data-element_type=\"column\">\n\t\t\t<div class=\"elementor-widget-wrap elementor-element-populated\">\n\t\t\t\t\t\t\t\t<div class=\"elementor-element elementor-element-b0098ce elementor-widget elementor-widget-image\" data-id=\"b0098ce\" data-element_type=\"widget\" data-widget_type=\"image.default\">\n\t\t\t\t<div class=\"elementor-widget-container\">\n\t\t\t<style>\/*! elementor - v3.6.2 - 04-04-2022 *\/\n.elementor-widget-image{text-align:center}.elementor-widget-image a{display:inline-block}.elementor-widget-image a img[src$=\".svg\"]{width:48px}.elementor-widget-image img{vertical-align:middle;display:inline-block}<\/style>\t\t\t\t\t\t\t\t\t\t\t\t<img decoding=\"async\" width=\"1365\" height=\"2048\" src=\"https:\/\/bodhigourmet.com\/wp-content\/uploads\/2022\/04\/6X5A2792-copy.jpg\" class=\"attachment-full size-full\" alt=\"\" loading=\"lazy\" srcset=\"https:\/\/bodhigourmet.com\/wp-content\/uploads\/2022\/04\/6X5A2792-copy.jpg 1365w, https:\/\/bodhigourmet.com\/wp-content\/uploads\/2022\/04\/6X5A2792-copy-200x300.jpg 200w, https:\/\/bodhigourmet.com\/wp-content\/uploads\/2022\/04\/6X5A2792-copy-683x1024.jpg 683w, https:\/\/bodhigourmet.com\/wp-content\/uploads\/2022\/04\/6X5A2792-copy-768x1152.jpg 768w, https:\/\/bodhigourmet.com\/wp-content\/uploads\/2022\/04\/6X5A2792-copy-1024x1536.jpg 1024w\" sizes=\"(max-width: 1365px) 100vw, 1365px\" \/>\t\t\t\t\t\t\t\t\t\t\t\t\t\t\t<\/div>\n\t\t\t\t<\/div>\n\t\t\t\t\t<\/div>\n\t\t<\/div>\n\t\t\t\t\t\t\t<\/div>\n\t\t<\/section>\n\t\t\t\t\t\t\t<\/div>","protected":false},"excerpt":{"rendered":"<p>Our Story In the heart of Montreal is where my story begins. When my parents left Saigon after the tumultuous&hellip;<\/p>","protected":false},"author":1,"featured_media":0,"parent":0,"menu_order":0,"comment_status":"closed","ping_status":"closed","template":"elementor_canvas","meta":[],"_links":{"self":[{"href":"https:\/\/bodhigourmet.com\/fr\/wp-json\/wp\/v2\/pages\/104"}],"collection":[{"href":"https:\/\/bodhigourmet.com\/fr\/wp-json\/wp\/v2\/pages"}],"about":[{"href":"https:\/\/bodhigourmet.com\/fr\/wp-json\/wp\/v2\/types\/page"}],"author":[{"embeddable":true,"href":"https:\/\/bodhigourmet.com\/fr\/wp-json\/wp\/v2\/users\/1"}],"replies":[{"embeddable":true,"href":"https:\/\/bodhigourmet.com\/fr\/wp-json\/wp\/v2\/comments?post=104"}],"version-history":[{"count":37,"href":"https:\/\/bodhigourmet.com\/fr\/wp-json\/wp\/v2\/pages\/104\/revisions"}],"predecessor-version":[{"id":847,"href":"https:\/\/bodhigourmet.com\/fr\/wp-json\/wp\/v2\/pages\/104\/revisions\/847"}],"wp:attachment":[{"href":"https:\/\/bodhigourmet.com\/fr\/wp-json\/wp\/v2\/media?parent=104"}],"curies":[{"name":"wp","href":"https:\/\/api.w.org\/{rel}","templated":true}]}}