

{"id":126,"date":"2022-04-10T19:10:55","date_gmt":"2022-04-10T19:10:55","guid":{"rendered":"https:\/\/bodhigourmet.com\/home\/"},"modified":"2023-09-26T11:45:04","modified_gmt":"2023-09-26T11:45:04","slug":"our-products","status":"publish","type":"page","link":"https:\/\/bodhigourmet.com\/fr\/our-products\/","title":{"rendered":"Nos produits"},"content":{"rendered":"<div data-elementor-type=\"wp-page\" data-elementor-id=\"126\" class=\"elementor elementor-126\">\n\t\t\t\t\t\t\t\t\t<section class=\"elementor-section elementor-top-section elementor-element elementor-element-d6a4f09 elementor-section-full_width elementor-section-content-middle elementor-section-height-default elementor-section-height-default wpr-particle-no wpr-jarallax-no wpr-parallax-no wpr-sticky-section-no\" data-id=\"d6a4f09\" data-element_type=\"section\">\n\t\t\t\t\t\t<div class=\"elementor-container elementor-column-gap-no\">\n\t\t\t\t\t<div class=\"elementor-column elementor-col-50 elementor-top-column elementor-element elementor-element-89918c6\" data-id=\"89918c6\" data-element_type=\"column\">\n\t\t\t<div class=\"elementor-widget-wrap elementor-element-populated\">\n\t\t\t\t\t\t\t\t<div class=\"elementor-element elementor-element-9623c2d elementor-widget elementor-widget-text-editor\" data-id=\"9623c2d\" data-element_type=\"widget\" data-widget_type=\"text-editor.default\">\n\t\t\t\t<div class=\"elementor-widget-container\">\n\t\t\t<style>\/*! elementor - v3.6.2 - 04-04-2022 *\/\n.elementor-widget-text-editor.elementor-drop-cap-view-stacked .elementor-drop-cap{background-color:#818a91;color:#fff}.elementor-widget-text-editor.elementor-drop-cap-view-framed .elementor-drop-cap{color:#818a91;border:3px solid;background-color:transparent}.elementor-widget-text-editor:not(.elementor-drop-cap-view-default) .elementor-drop-cap{margin-top:8px}.elementor-widget-text-editor:not(.elementor-drop-cap-view-default) .elementor-drop-cap-letter{width:1em;height:1em}.elementor-widget-text-editor .elementor-drop-cap{float:left;text-align:center;line-height:1;font-size:50px}.elementor-widget-text-editor .elementor-drop-cap-letter{display:inline-block}<\/style>\t\t\t\t<p>Rehaussez vos plats asiatiques pr\u00e9f\u00e9r\u00e9s avec les sauces et assaisonnements \u00e0 base de plantes de Bodh\u00ef Gourmet.\u00a0\u00a0<\/p><p>All our products are made in Quebec, Canada.<\/p>\t\t\t\t\t\t<\/div>\n\t\t\t\t<\/div>\n\t\t\t\t\t<\/div>\n\t\t<\/div>\n\t\t\t\t<div class=\"elementor-column elementor-col-50 elementor-top-column elementor-element elementor-element-7ee1924\" data-id=\"7ee1924\" data-element_type=\"column\">\n\t\t\t<div class=\"elementor-widget-wrap elementor-element-populated\">\n\t\t\t\t\t\t\t\t<div class=\"elementor-element elementor-element-a789333 elementor-widget elementor-widget-image\" data-id=\"a789333\" data-element_type=\"widget\" data-widget_type=\"image.default\">\n\t\t\t\t<div class=\"elementor-widget-container\">\n\t\t\t<style>\/*! elementor - v3.6.2 - 04-04-2022 *\/\n.elementor-widget-image{text-align:center}.elementor-widget-image a{display:inline-block}.elementor-widget-image a img[src$=\".svg\"]{width:48px}.elementor-widget-image img{vertical-align:middle;display:inline-block}<\/style>\t\t\t\t\t\t\t\t\t\t\t\t<img decoding=\"async\" src=\"https:\/\/bodhigourmet.com\/wp-content\/uploads\/elementor\/thumbs\/AlimentsDuQuebec_Logo_EntrepriseAdherente_RGB-pn6h6t06dqc4yfof3kshx6581umkdrmvpyc057ruwm.png\" title=\"AlimentsDuQuebec_Logo_EntrepriseAdherente_RGB\" alt=\"AlimentsDuQuebec_Logo_EntrepriseAdherente_RGB\" \/>\t\t\t\t\t\t\t\t\t\t\t\t\t\t\t<\/div>\n\t\t\t\t<\/div>\n\t\t\t\t\t<\/div>\n\t\t<\/div>\n\t\t\t\t\t\t\t<\/div>\n\t\t<\/section>\n\t\t\t\t<section class=\"elementor-section elementor-top-section elementor-element elementor-element-922e093 elementor-section-full_width elementor-section-height-default elementor-section-height-default wpr-particle-no wpr-jarallax-no wpr-parallax-no wpr-sticky-section-no\" data-id=\"922e093\" data-element_type=\"section\">\n\t\t\t\t\t\t<div class=\"elementor-container elementor-column-gap-no\">\n\t\t\t\t\t<div class=\"elementor-column elementor-col-100 elementor-top-column elementor-element elementor-element-27ed911\" data-id=\"27ed911\" data-element_type=\"column\">\n\t\t\t<div class=\"elementor-widget-wrap elementor-element-populated\">\n\t\t\t\t\t\t\t\t<div class=\"elementor-element elementor-element-4c78f6d elementor-widget elementor-widget-image\" data-id=\"4c78f6d\" data-element_type=\"widget\" data-widget_type=\"image.default\">\n\t\t\t\t<div class=\"elementor-widget-container\">\n\t\t\t\t\t\t\t\t\t\t\t\t\t\t\t<img decoding=\"async\" width=\"2560\" height=\"1707\" src=\"https:\/\/bodhigourmet.com\/wp-content\/uploads\/2023\/09\/IMG_2182-scaled.jpg\" class=\"attachment-full size-full\" alt=\"\" loading=\"lazy\" srcset=\"https:\/\/bodhigourmet.com\/wp-content\/uploads\/2023\/09\/IMG_2182-scaled.jpg 2560w, https:\/\/bodhigourmet.com\/wp-content\/uploads\/2023\/09\/IMG_2182-300x200.jpg 300w, https:\/\/bodhigourmet.com\/wp-content\/uploads\/2023\/09\/IMG_2182-1024x683.jpg 1024w, https:\/\/bodhigourmet.com\/wp-content\/uploads\/2023\/09\/IMG_2182-768x512.jpg 768w, https:\/\/bodhigourmet.com\/wp-content\/uploads\/2023\/09\/IMG_2182-1536x1024.jpg 1536w, https:\/\/bodhigourmet.com\/wp-content\/uploads\/2023\/09\/IMG_2182-2048x1365.jpg 2048w, https:\/\/bodhigourmet.com\/wp-content\/uploads\/2023\/09\/IMG_2182-18x12.jpg 18w\" sizes=\"(max-width: 2560px) 100vw, 2560px\" \/>\t\t\t\t\t\t\t\t\t\t\t\t\t\t\t<\/div>\n\t\t\t\t<\/div>\n\t\t\t\t\t<\/div>\n\t\t<\/div>\n\t\t\t\t\t\t\t<\/div>\n\t\t<\/section>\n\t\t\t\t<section class=\"elementor-section elementor-top-section elementor-element elementor-element-b04582f elementor-section-boxed elementor-section-height-default elementor-section-height-default wpr-particle-no wpr-jarallax-no wpr-parallax-no wpr-sticky-section-no\" data-id=\"b04582f\" data-element_type=\"section\">\n\t\t\t\t\t\t<div class=\"elementor-container elementor-column-gap-default\">\n\t\t\t\t\t<div class=\"elementor-column elementor-col-66 elementor-top-column elementor-element elementor-element-6795908\" data-id=\"6795908\" data-element_type=\"column\">\n\t\t\t<div class=\"elementor-widget-wrap elementor-element-populated\">\n\t\t\t\t\t\t\t\t<div class=\"elementor-element elementor-element-7f46cc7 elementor-widget elementor-widget-image\" data-id=\"7f46cc7\" data-element_type=\"widget\" data-widget_type=\"image.default\">\n\t\t\t\t<div class=\"elementor-widget-container\">\n\t\t\t\t\t\t\t\t\t\t\t\t\t\t\t<img decoding=\"async\" width=\"2048\" height=\"1365\" src=\"https:\/\/bodhigourmet.com\/wp-content\/uploads\/2023\/09\/Untitled-design-9.png\" class=\"attachment-full size-full\" alt=\"\" loading=\"lazy\" srcset=\"https:\/\/bodhigourmet.com\/wp-content\/uploads\/2023\/09\/Untitled-design-9.png 2048w, https:\/\/bodhigourmet.com\/wp-content\/uploads\/2023\/09\/Untitled-design-9-300x200.png 300w, https:\/\/bodhigourmet.com\/wp-content\/uploads\/2023\/09\/Untitled-design-9-1024x683.png 1024w, https:\/\/bodhigourmet.com\/wp-content\/uploads\/2023\/09\/Untitled-design-9-768x512.png 768w, https:\/\/bodhigourmet.com\/wp-content\/uploads\/2023\/09\/Untitled-design-9-1536x1024.png 1536w, https:\/\/bodhigourmet.com\/wp-content\/uploads\/2023\/09\/Untitled-design-9-18x12.png 18w\" sizes=\"(max-width: 2048px) 100vw, 2048px\" \/>\t\t\t\t\t\t\t\t\t\t\t\t\t\t\t<\/div>\n\t\t\t\t<\/div>\n\t\t\t\t\t<\/div>\n\t\t<\/div>\n\t\t\t\t<div class=\"elementor-column elementor-col-33 elementor-top-column elementor-element elementor-element-50e6dfe\" data-id=\"50e6dfe\" data-element_type=\"column\">\n\t\t\t<div class=\"elementor-widget-wrap elementor-element-populated\">\n\t\t\t\t\t\t\t\t\t<\/div>\n\t\t<\/div>\n\t\t\t\t\t\t\t<\/div>\n\t\t<\/section>\n\t\t\t\t\t\t\t<\/div>","protected":false},"excerpt":{"rendered":"<p>Elevate your favourite Asian dishes with Bodh\u00ef Gourmet Plant-Based Sauces and Seasoning.\u00a0\u00a0 All our products are made in Quebec, Canada.<\/p>","protected":false},"author":1,"featured_media":0,"parent":0,"menu_order":0,"comment_status":"closed","ping_status":"closed","template":"elementor_canvas","meta":[],"_links":{"self":[{"href":"https:\/\/bodhigourmet.com\/fr\/wp-json\/wp\/v2\/pages\/126"}],"collection":[{"href":"https:\/\/bodhigourmet.com\/fr\/wp-json\/wp\/v2\/pages"}],"about":[{"href":"https:\/\/bodhigourmet.com\/fr\/wp-json\/wp\/v2\/types\/page"}],"author":[{"embeddable":true,"href":"https:\/\/bodhigourmet.com\/fr\/wp-json\/wp\/v2\/users\/1"}],"replies":[{"embeddable":true,"href":"https:\/\/bodhigourmet.com\/fr\/wp-json\/wp\/v2\/comments?post=126"}],"version-history":[{"count":16,"href":"https:\/\/bodhigourmet.com\/fr\/wp-json\/wp\/v2\/pages\/126\/revisions"}],"predecessor-version":[{"id":808,"href":"https:\/\/bodhigourmet.com\/fr\/wp-json\/wp\/v2\/pages\/126\/revisions\/808"}],"wp:attachment":[{"href":"https:\/\/bodhigourmet.com\/fr\/wp-json\/wp\/v2\/media?parent=126"}],"curies":[{"name":"wp","href":"https:\/\/api.w.org\/{rel}","templated":true}]}}