

{"id":129,"date":"2022-04-10T19:11:28","date_gmt":"2022-04-10T19:11:28","guid":{"rendered":"https:\/\/bodhigourmet.com\/home\/"},"modified":"2025-03-23T13:43:04","modified_gmt":"2025-03-23T13:43:04","slug":"recipe-ideas","status":"publish","type":"page","link":"https:\/\/bodhigourmet.com\/fr\/recipe-ideas\/","title":{"rendered":"Id\u00e9es de recettes"},"content":{"rendered":"<div data-elementor-type=\"wp-page\" data-elementor-id=\"129\" class=\"elementor elementor-129\">\n\t\t\t\t\t\t\t\t\t<section class=\"elementor-section elementor-top-section elementor-element elementor-element-431d73e elementor-section-boxed elementor-section-height-default elementor-section-height-default wpr-particle-no wpr-jarallax-no wpr-parallax-no wpr-sticky-section-no\" data-id=\"431d73e\" data-element_type=\"section\">\n\t\t\t\t\t\t<div class=\"elementor-container elementor-column-gap-default\">\n\t\t\t\t\t<div class=\"elementor-column elementor-col-100 elementor-top-column elementor-element elementor-element-0815630\" data-id=\"0815630\" data-element_type=\"column\">\n\t\t\t<div class=\"elementor-widget-wrap elementor-element-populated\">\n\t\t\t\t\t\t\t\t<div class=\"elementor-element elementor-element-cd1e672 elementor-widget elementor-widget-heading\" data-id=\"cd1e672\" data-element_type=\"widget\" data-widget_type=\"heading.default\">\n\t\t\t\t<div class=\"elementor-widget-container\">\n\t\t\t<style>\/*! elementor - v3.6.2 - 04-04-2022 *\/\n.elementor-heading-title{padding:0;margin:0;line-height:1}.elementor-widget-heading .elementor-heading-title[class*=elementor-size-]>a{color:inherit;font-size:inherit;line-height:inherit}.elementor-widget-heading .elementor-heading-title.elementor-size-small{font-size:15px}.elementor-widget-heading .elementor-heading-title.elementor-size-medium{font-size:19px}.elementor-widget-heading .elementor-heading-title.elementor-size-large{font-size:29px}.elementor-widget-heading .elementor-heading-title.elementor-size-xl{font-size:39px}.elementor-widget-heading .elementor-heading-title.elementor-size-xxl{font-size:59px}<\/style><h2 class=\"elementor-heading-title elementor-size-default\">Recettes<\/h2>\t\t<\/div>\n\t\t\t\t<\/div>\n\t\t\t\t\t<\/div>\n\t\t<\/div>\n\t\t\t\t\t\t\t<\/div>\n\t\t<\/section>\n\t\t\t\t<section class=\"elementor-section elementor-top-section elementor-element elementor-element-0a4add1 elementor-section-boxed elementor-section-height-default elementor-section-height-default wpr-particle-no wpr-jarallax-no wpr-parallax-no wpr-sticky-section-no\" data-id=\"0a4add1\" data-element_type=\"section\">\n\t\t\t\t\t\t<div class=\"elementor-container elementor-column-gap-default\">\n\t\t\t\t\t<div class=\"elementor-column elementor-col-100 elementor-top-column elementor-element elementor-element-55b45dc\" data-id=\"55b45dc\" data-element_type=\"column\">\n\t\t\t<div class=\"elementor-widget-wrap elementor-element-populated\">\n\t\t\t\t\t\t\t\t<div class=\"elementor-element elementor-element-6fe8799 elementor-widget__width-inherit elementor-widget elementor-widget-text-editor\" data-id=\"6fe8799\" data-element_type=\"widget\" data-widget_type=\"text-editor.default\">\n\t\t\t\t<div class=\"elementor-widget-container\">\n\t\t\t<style>\/*! elementor - v3.6.2 - 04-04-2022 *\/\n.elementor-widget-text-editor.elementor-drop-cap-view-stacked .elementor-drop-cap{background-color:#818a91;color:#fff}.elementor-widget-text-editor.elementor-drop-cap-view-framed .elementor-drop-cap{color:#818a91;border:3px solid;background-color:transparent}.elementor-widget-text-editor:not(.elementor-drop-cap-view-default) .elementor-drop-cap{margin-top:8px}.elementor-widget-text-editor:not(.elementor-drop-cap-view-default) .elementor-drop-cap-letter{width:1em;height:1em}.elementor-widget-text-editor .elementor-drop-cap{float:left;text-align:center;line-height:1;font-size:50px}.elementor-widget-text-editor .elementor-drop-cap-letter{display:inline-block}<\/style>\t\t\t\t<h5>\u00a0<\/h5><h5><b>Cliquez pour t\u00e9l\u00e9charger la recette:<\/b><\/h5><ul><li><span style=\"color: #000000;\"><a style=\"color: #000000; text-decoration: underline;\" href=\"https:\/\/bodhigourmet.com\/wp-content\/uploads\/2025\/03\/cucumbersalad.pdf\" target=\"_blank\" rel=\"noopener\">Salade vietnamienne de concombre<\/a><\/span><\/li><li><span style=\"color: #000000;\"><a style=\"color: #000000;\" href=\"https:\/\/bodhigourmet.com\/wp-content\/uploads\/2025\/03\/koreanBBQmushroom.pdf\" target=\"_blank\" rel=\"noopener\"><span style=\"text-decoration: underline;\"><span>Pleurotes po\u00eal\u00e9s \u00e0 la sauce BBQ cor\u00e9enne<\/span><\/span><\/a><\/span><\/li><li><span style=\"text-decoration: underline;\"><span style=\"color: #000000; text-decoration: underline;\"><a style=\"color: #000000; text-decoration: underline;\" href=\"https:\/\/bodhigourmet.com\/wp-content\/uploads\/2025\/03\/dillveganfish.pdf\" target=\"_blank\" rel=\"noopener\">\"Poisson\" v\u00e9g\u00e9talien po\u00eal\u00e9 \u00e0 la Vietnamienne<\/a><\/span><\/span><\/li><li><span style=\"text-decoration: underline;\"><span style=\"color: #000000; text-decoration: underline;\"><a style=\"color: #000000; text-decoration: underline;\" href=\"https:\/\/bodhigourmet.com\/wp-content\/uploads\/2025\/03\/vegnoodles.pdf\" target=\"_blank\" rel=\"noopener\">Nouilles croustillantes saut\u00e9es aux l\u00e9gumes\u00a0<\/a><\/span><\/span><\/li><li><span style=\"text-decoration: underline;\"><span style=\"color: #000000; text-decoration: underline;\"><a style=\"color: #000000; text-decoration: underline;\" href=\"https:\/\/bodhigourmet.com\/wp-content\/uploads\/2025\/03\/misoeggplant.pdf\" target=\"_blank\" rel=\"noopener\">Aubergines glac\u00e9es au miso<\/a><\/span><\/span><\/li><\/ul><p>\u00a0<\/p>\t\t\t\t\t\t<\/div>\n\t\t\t\t<\/div>\n\t\t\t\t\t<\/div>\n\t\t<\/div>\n\t\t\t\t\t\t\t<\/div>\n\t\t<\/section>\n\t\t\t\t\t\t\t<\/div>","protected":false},"excerpt":{"rendered":"<p>Recipes \u00a0 Click to see recipes: Vietnamese Cucumber Salad Pan-Seared King Oyster Mushrooms with Korean BBQ Glaze Vietnamese-Style Pan-Seared Vegan&hellip;<\/p>","protected":false},"author":1,"featured_media":0,"parent":0,"menu_order":0,"comment_status":"closed","ping_status":"closed","template":"elementor_canvas","meta":[],"_links":{"self":[{"href":"https:\/\/bodhigourmet.com\/fr\/wp-json\/wp\/v2\/pages\/129"}],"collection":[{"href":"https:\/\/bodhigourmet.com\/fr\/wp-json\/wp\/v2\/pages"}],"about":[{"href":"https:\/\/bodhigourmet.com\/fr\/wp-json\/wp\/v2\/types\/page"}],"author":[{"embeddable":true,"href":"https:\/\/bodhigourmet.com\/fr\/wp-json\/wp\/v2\/users\/1"}],"replies":[{"embeddable":true,"href":"https:\/\/bodhigourmet.com\/fr\/wp-json\/wp\/v2\/comments?post=129"}],"version-history":[{"count":70,"href":"https:\/\/bodhigourmet.com\/fr\/wp-json\/wp\/v2\/pages\/129\/revisions"}],"predecessor-version":[{"id":1039,"href":"https:\/\/bodhigourmet.com\/fr\/wp-json\/wp\/v2\/pages\/129\/revisions\/1039"}],"wp:attachment":[{"href":"https:\/\/bodhigourmet.com\/fr\/wp-json\/wp\/v2\/media?parent=129"}],"curies":[{"name":"wp","href":"https:\/\/api.w.org\/{rel}","templated":true}]}}