

{"id":133,"date":"2022-04-10T19:13:00","date_gmt":"2022-04-10T19:13:00","guid":{"rendered":"https:\/\/bodhigourmet.com\/home\/"},"modified":"2026-02-18T03:21:23","modified_gmt":"2026-02-18T03:21:23","slug":"where-to-find","status":"publish","type":"page","link":"https:\/\/bodhigourmet.com\/fr\/where-to-find\/","title":{"rendered":"O\u00f9 trouver"},"content":{"rendered":"<div data-elementor-type=\"wp-page\" data-elementor-id=\"133\" class=\"elementor elementor-133\">\n\t\t\t\t\t\t\t\t\t<section class=\"elementor-section elementor-top-section elementor-element elementor-element-d6a4f09 elementor-section-full_width elementor-section-content-middle elementor-section-height-default elementor-section-height-default wpr-particle-no wpr-jarallax-no wpr-parallax-no wpr-sticky-section-no\" data-id=\"d6a4f09\" data-element_type=\"section\">\n\t\t\t\t\t\t<div class=\"elementor-container elementor-column-gap-no\">\n\t\t\t\t\t<div class=\"elementor-column elementor-col-50 elementor-top-column elementor-element elementor-element-89918c6\" data-id=\"89918c6\" data-element_type=\"column\">\n\t\t\t<div class=\"elementor-widget-wrap elementor-element-populated\">\n\t\t\t\t\t\t\t\t<div class=\"elementor-element elementor-element-d422afb elementor-widget elementor-widget-heading\" data-id=\"d422afb\" data-element_type=\"widget\" data-widget_type=\"heading.default\">\n\t\t\t\t<div class=\"elementor-widget-container\">\n\t\t\t<style>\/*! elementor - v3.6.2 - 04-04-2022 *\/\n.elementor-heading-title{padding:0;margin:0;line-height:1}.elementor-widget-heading .elementor-heading-title[class*=elementor-size-]>a{color:inherit;font-size:inherit;line-height:inherit}.elementor-widget-heading .elementor-heading-title.elementor-size-small{font-size:15px}.elementor-widget-heading .elementor-heading-title.elementor-size-medium{font-size:19px}.elementor-widget-heading .elementor-heading-title.elementor-size-large{font-size:29px}.elementor-widget-heading .elementor-heading-title.elementor-size-xl{font-size:39px}.elementor-widget-heading .elementor-heading-title.elementor-size-xxl{font-size:59px}<\/style><h2 class=\"elementor-heading-title elementor-size-default\">O\u00d9 TROUVER NOS PRODUITS<\/h2>\t\t<\/div>\n\t\t\t\t<\/div>\n\t\t\t\t<div class=\"elementor-element elementor-element-120791a elementor-widget elementor-widget-text-editor\" data-id=\"120791a\" data-element_type=\"widget\" data-widget_type=\"text-editor.default\">\n\t\t\t\t<div class=\"elementor-widget-container\">\n\t\t\t<style>\/*! elementor - v3.6.2 - 04-04-2022 *\/\n.elementor-widget-text-editor.elementor-drop-cap-view-stacked .elementor-drop-cap{background-color:#818a91;color:#fff}.elementor-widget-text-editor.elementor-drop-cap-view-framed .elementor-drop-cap{color:#818a91;border:3px solid;background-color:transparent}.elementor-widget-text-editor:not(.elementor-drop-cap-view-default) .elementor-drop-cap{margin-top:8px}.elementor-widget-text-editor:not(.elementor-drop-cap-view-default) .elementor-drop-cap-letter{width:1em;height:1em}.elementor-widget-text-editor .elementor-drop-cap{float:left;text-align:center;line-height:1;font-size:50px}.elementor-widget-text-editor .elementor-drop-cap-letter{display:inline-block}<\/style>\t\t\t\t<p style=\"text-align: left;\">(Liste sera mise \u00e0 jour au fur et \u00e0 mesure que les points de vente s'ajoutent)<\/p><p><span style=\"font-weight: bold; color: #7a7a7a; font-family: Roboto, sans-serif;\"><span style=\"color: #008000;\">\u00a0<\/span><\/span><\/p><p><a href=\"https:\/\/bodhigourmet.com\/fr\/where-to-find-by-city\/\"><span style=\"font-weight: bold; color: #7a7a7a; font-family: Roboto, sans-serif;\"><span style=\"color: #008000;\">Cliquer ici pour les points de vente tri\u00e9s par ville<\/span><\/span><\/a><\/p>\t\t\t\t\t\t<\/div>\n\t\t\t\t<\/div>\n\t\t\t\t\t<\/div>\n\t\t<\/div>\n\t\t\t\t<div class=\"elementor-column elementor-col-50 elementor-top-column elementor-element elementor-element-7ee1924\" data-id=\"7ee1924\" data-element_type=\"column\">\n\t\t\t<div class=\"elementor-widget-wrap elementor-element-populated\">\n\t\t\t\t\t\t\t\t\t<\/div>\n\t\t<\/div>\n\t\t\t\t\t\t\t<\/div>\n\t\t<\/section>\n\t\t\t\t<section class=\"elementor-section elementor-top-section elementor-element elementor-element-11ab7bd elementor-section-boxed elementor-section-height-default elementor-section-height-default wpr-particle-no wpr-jarallax-no wpr-parallax-no wpr-sticky-section-no\" data-id=\"11ab7bd\" data-element_type=\"section\">\n\t\t\t\t\t\t<div class=\"elementor-container elementor-column-gap-default\">\n\t\t\t\t\t<div class=\"elementor-column elementor-col-33 elementor-top-column elementor-element elementor-element-33ab8e9\" data-id=\"33ab8e9\" data-element_type=\"column\">\n\t\t\t<div class=\"elementor-widget-wrap elementor-element-populated\">\n\t\t\t\t\t\t\t\t\t<\/div>\n\t\t<\/div>\n\t\t\t\t<div class=\"elementor-column elementor-col-33 elementor-top-column elementor-element elementor-element-e839dd2\" data-id=\"e839dd2\" data-element_type=\"column\">\n\t\t\t<div class=\"elementor-widget-wrap elementor-element-populated\">\n\t\t\t\t\t\t\t\t<div class=\"elementor-element elementor-element-c4999d9 elementor-widget elementor-widget-image\" data-id=\"c4999d9\" data-element_type=\"widget\" data-widget_type=\"image.default\">\n\t\t\t\t<div class=\"elementor-widget-container\">\n\t\t\t<style>\/*! elementor - v3.6.2 - 04-04-2022 *\/\n.elementor-widget-image{text-align:center}.elementor-widget-image a{display:inline-block}.elementor-widget-image a img[src$=\".svg\"]{width:48px}.elementor-widget-image img{vertical-align:middle;display:inline-block}<\/style>\t\t\t\t\t\t\t\t\t\t\t\t<img decoding=\"async\" width=\"300\" height=\"300\" src=\"https:\/\/bodhigourmet.com\/wp-content\/uploads\/2025\/08\/Four-sauces-transparent-back-1000-x-1000-px-1-300x300.png\" class=\"attachment-medium size-medium\" alt=\"\" loading=\"lazy\" srcset=\"https:\/\/bodhigourmet.com\/wp-content\/uploads\/2025\/08\/Four-sauces-transparent-back-1000-x-1000-px-1-300x300.png 300w, https:\/\/bodhigourmet.com\/wp-content\/uploads\/2025\/08\/Four-sauces-transparent-back-1000-x-1000-px-1-150x150.png 150w, https:\/\/bodhigourmet.com\/wp-content\/uploads\/2025\/08\/Four-sauces-transparent-back-1000-x-1000-px-1-768x768.png 768w, https:\/\/bodhigourmet.com\/wp-content\/uploads\/2025\/08\/Four-sauces-transparent-back-1000-x-1000-px-1-12x12.png 12w, https:\/\/bodhigourmet.com\/wp-content\/uploads\/2025\/08\/Four-sauces-transparent-back-1000-x-1000-px-1.png 1000w\" sizes=\"(max-width: 300px) 100vw, 300px\" \/>\t\t\t\t\t\t\t\t\t\t\t\t\t\t\t<\/div>\n\t\t\t\t<\/div>\n\t\t\t\t\t<\/div>\n\t\t<\/div>\n\t\t\t\t<div class=\"elementor-column elementor-col-33 elementor-top-column elementor-element elementor-element-9ccb628\" data-id=\"9ccb628\" data-element_type=\"column\">\n\t\t\t<div class=\"elementor-widget-wrap elementor-element-populated\">\n\t\t\t\t\t\t\t\t<div class=\"elementor-element elementor-element-a075ea6 elementor-widget elementor-widget-image\" data-id=\"a075ea6\" data-element_type=\"widget\" data-widget_type=\"image.default\">\n\t\t\t\t<div class=\"elementor-widget-container\">\n\t\t\t\t\t\t\t\t\t\t\t\t\t\t\t<img decoding=\"async\" width=\"300\" height=\"300\" src=\"https:\/\/bodhigourmet.com\/wp-content\/uploads\/2023\/09\/2-resized-300x300.png\" class=\"attachment-medium size-medium\" alt=\"\" loading=\"lazy\" srcset=\"https:\/\/bodhigourmet.com\/wp-content\/uploads\/2023\/09\/2-resized-300x300.png 300w, https:\/\/bodhigourmet.com\/wp-content\/uploads\/2023\/09\/2-resized-150x150.png 150w, https:\/\/bodhigourmet.com\/wp-content\/uploads\/2023\/09\/2-resized-768x768.png 768w, https:\/\/bodhigourmet.com\/wp-content\/uploads\/2023\/09\/2-resized-12x12.png 12w, https:\/\/bodhigourmet.com\/wp-content\/uploads\/2023\/09\/2-resized.png 1000w\" sizes=\"(max-width: 300px) 100vw, 300px\" \/>\t\t\t\t\t\t\t\t\t\t\t\t\t\t\t<\/div>\n\t\t\t\t<\/div>\n\t\t\t\t\t<\/div>\n\t\t<\/div>\n\t\t\t\t\t\t\t<\/div>\n\t\t<\/section>\n\t\t\t\t<section class=\"elementor-section elementor-top-section elementor-element elementor-element-8b46943 elementor-section-boxed elementor-section-height-default elementor-section-height-default wpr-particle-no wpr-jarallax-no wpr-parallax-no wpr-sticky-section-no\" data-id=\"8b46943\" data-element_type=\"section\">\n\t\t\t\t\t\t<div class=\"elementor-container elementor-column-gap-default\">\n\t\t\t\t\t<div class=\"elementor-column elementor-col-100 elementor-top-column elementor-element elementor-element-6505b86\" data-id=\"6505b86\" data-element_type=\"column\">\n\t\t\t<div class=\"elementor-widget-wrap elementor-element-populated\">\n\t\t\t\t\t\t\t\t<div class=\"elementor-element elementor-element-6d32a88 elementor-widget elementor-widget-heading\" data-id=\"6d32a88\" data-element_type=\"widget\" data-widget_type=\"heading.default\">\n\t\t\t\t<div class=\"elementor-widget-container\">\n\t\t\t<h3 class=\"elementor-heading-title elementor-size-medium\">EN LIGNE<\/h3>\t\t<\/div>\n\t\t\t\t<\/div>\n\t\t\t\t\t<\/div>\n\t\t<\/div>\n\t\t\t\t\t\t\t<\/div>\n\t\t<\/section>\n\t\t\t\t<section class=\"elementor-section elementor-top-section elementor-element elementor-element-b38a4a3 elementor-section-boxed elementor-section-height-default elementor-section-height-default wpr-particle-no wpr-jarallax-no wpr-parallax-no wpr-sticky-section-no\" data-id=\"b38a4a3\" data-element_type=\"section\">\n\t\t\t\t\t\t<div class=\"elementor-container elementor-column-gap-default\">\n\t\t\t\t\t<div class=\"elementor-column elementor-col-100 elementor-top-column elementor-element elementor-element-fedb401\" data-id=\"fedb401\" data-element_type=\"column\">\n\t\t\t<div class=\"elementor-widget-wrap elementor-element-populated\">\n\t\t\t\t\t\t\t\t<div class=\"elementor-element elementor-element-b7eb143 elementor-widget elementor-widget-text-editor\" data-id=\"b7eb143\" data-element_type=\"widget\" data-widget_type=\"text-editor.default\">\n\t\t\t\t<div class=\"elementor-widget-container\">\n\t\t\t\t\t\t\t<h3 style=\"font-family: 'Roboto Condensed', sans-serif; font-weight: 500; color: #000000; font-size: 20px; text-transform: none; letter-spacing: 2.8px; word-spacing: 2px; text-align: center;\" data-elementor-setting-key=\"title\" data-pen-placeholder=\"Type Here...\"><span style=\"font-weight: bold;\">Partout au Canada<\/span><\/h3><ul style=\"font-size: 20px; background-color: #ffffff; color: #000000; font-family: 'Roboto Condensed', sans-serif; letter-spacing: 2px;\"><li style=\"font-size: 20px;\"><strong><span style=\"color: #db0fb9;\"><a style=\"color: #db0fb9;\" href=\"https:\/\/alimentsmerci.com\/?s=Bodhi&amp;post_type=product\" target=\"_blank\" rel=\"noopener\">Aliments Merci<\/a><\/span><\/strong><\/li><li><a href=\"https:\/\/avril.ca\/en\/catalogsearch\/result\/?q=bodhi+gourmet\" target=\"_blank\" rel=\"noopener\"><strong><span style=\"color: #db0fb9;\">Avril &#8211; Supermarch\u00e9 sant\u00e9<\/span><\/strong><\/a><strong><br \/><\/strong><\/li><\/ul>\t\t\t\t\t\t<\/div>\n\t\t\t\t<\/div>\n\t\t\t\t\t<\/div>\n\t\t<\/div>\n\t\t\t\t\t\t\t<\/div>\n\t\t<\/section>\n\t\t\t\t<section class=\"elementor-section elementor-top-section elementor-element elementor-element-e3388ff elementor-section-boxed elementor-section-height-default elementor-section-height-default wpr-particle-no wpr-jarallax-no wpr-parallax-no wpr-sticky-section-no\" data-id=\"e3388ff\" data-element_type=\"section\">\n\t\t\t\t\t\t<div class=\"elementor-container elementor-column-gap-default\">\n\t\t\t\t\t<div class=\"elementor-column elementor-col-100 elementor-top-column elementor-element elementor-element-7fbdc66\" data-id=\"7fbdc66\" data-element_type=\"column\">\n\t\t\t<div class=\"elementor-widget-wrap elementor-element-populated\">\n\t\t\t\t\t\t\t\t<div class=\"elementor-element elementor-element-82dd167 elementor-widget elementor-widget-heading\" data-id=\"82dd167\" data-element_type=\"widget\" data-widget_type=\"heading.default\">\n\t\t\t\t<div class=\"elementor-widget-container\">\n\t\t\t<h3 class=\"elementor-heading-title elementor-size-medium\"><br><br>En magasin<\/h3>\t\t<\/div>\n\t\t\t\t<\/div>\n\t\t\t\t\t<\/div>\n\t\t<\/div>\n\t\t\t\t\t\t\t<\/div>\n\t\t<\/section>\n\t\t\t\t<section class=\"elementor-section elementor-top-section elementor-element elementor-element-65adbb7 elementor-section-boxed elementor-section-height-default elementor-section-height-default wpr-particle-no wpr-jarallax-no wpr-parallax-no wpr-sticky-section-no\" data-id=\"65adbb7\" data-element_type=\"section\">\n\t\t\t\t\t\t<div class=\"elementor-container elementor-column-gap-default\">\n\t\t\t\t\t<div class=\"elementor-column elementor-col-100 elementor-top-column elementor-element elementor-element-75fbd4c\" data-id=\"75fbd4c\" data-element_type=\"column\">\n\t\t\t<div class=\"elementor-widget-wrap elementor-element-populated\">\n\t\t\t\t\t\t\t\t<div class=\"elementor-element elementor-element-684c128 elementor-widget elementor-widget-text-editor\" data-id=\"684c128\" data-element_type=\"widget\" data-widget_type=\"text-editor.default\">\n\t\t\t\t<div class=\"elementor-widget-container\">\n\t\t\t\t\t\t\t<p style=\"text-align: center;\"><span style=\"font-weight: bold; color: #000000; font-family: 'Roboto Condensed', sans-serif; font-size: 20px; letter-spacing: 2px; text-align: center; background-color: transparent;\">Ontario<\/span><\/p>\t\t\t\t\t\t<\/div>\n\t\t\t\t<\/div>\n\t\t\t\t\t<\/div>\n\t\t<\/div>\n\t\t\t\t\t\t\t<\/div>\n\t\t<\/section>\n\t\t\t\t<section class=\"elementor-section elementor-top-section elementor-element elementor-element-64e6afa elementor-section-boxed elementor-section-height-default elementor-section-height-default wpr-particle-no wpr-jarallax-no wpr-parallax-no wpr-sticky-section-no\" data-id=\"64e6afa\" data-element_type=\"section\">\n\t\t\t\t\t\t<div class=\"elementor-container elementor-column-gap-default\">\n\t\t\t\t\t<div class=\"elementor-column elementor-col-100 elementor-top-column elementor-element elementor-element-ef4ad45\" data-id=\"ef4ad45\" data-element_type=\"column\">\n\t\t\t<div class=\"elementor-widget-wrap elementor-element-populated\">\n\t\t\t\t\t\t\t\t<div class=\"elementor-element elementor-element-0cc6f05 elementor-widget elementor-widget-text-editor\" data-id=\"0cc6f05\" data-element_type=\"widget\" data-widget_type=\"text-editor.default\">\n\t\t\t\t<div class=\"elementor-widget-container\">\n\t\t\t\t\t\t\t<p style=\"text-align: center;\"><span style=\"font-weight: bold; color: #000000; font-family: 'Roboto Condensed', sans-serif; font-size: 20px; letter-spacing: 2px; text-align: center; background-color: transparent;\">Qu\u00e9bec<\/span><\/p><div style=\"text-align: center;\" class=\" translation-block\">(Plusieurs magasins offrent aussi la livraison <b>locale<\/b>. Contactez les pour plus de d\u00e9tails.)<\/div><h2 style=\"font-family: 'Roboto Condensed', sans-serif; font-weight: 500; color: #000000; font-size: 20px; letter-spacing: 2px;\" data-elementor-setting-key=\"title\" data-pen-placeholder=\"Type Here...\">ALIMENTS MERCI<\/h2><ul style=\"font-size: 20px; background-color: #ffffff; letter-spacing: normal; text-transform: none; word-spacing: 2px;\"><li style=\"font-size: 20px;\"><span style=\"font-weight: bold;\">Aliments Merci :<\/span>\u00a0March\u00e9 Jean-Talon, 282, Place du March\u00e9 du Nord, Montr\u00e9al H2S 1A1<\/li><li style=\"font-size: 20px;\"><span style=\"background-color: transparent; font-weight: bold;\">Aliments Merci :<\/span><span style=\"background-color: transparent;\">\u00a0<\/span>4445, rue Ontario Est, Montr\u00e9al H1V 3V3<\/li><\/ul><h2 style=\"font-family: 'Roboto Condensed', sans-serif; font-weight: 500; color: #000000; font-size: 20px; letter-spacing: 2px;\" data-elementor-setting-key=\"title\" data-pen-placeholder=\"Type Here...\">AVRIL<\/h2><ul style=\"font-size: 20px; background-color: #ffffff; letter-spacing: normal; text-transform: none; word-spacing: 2px;\"><li style=\"font-size: 20px;\"><span style=\"font-weight: bold;\">AVRIL BROSSARD: <\/span>Quartier DIX30, 8600, boulevard Leduc, Brossard J4Y 0G6<\/li><li style=\"font-size: 20px;\"><span style=\"background-color: transparent; font-weight: bold;\">AVRIL GRANBY : <\/span>11, rue \u00c9vang\u00e9line, Granby J2G 6N3<\/li><li><strong>AVRIL GRIFFINTOWN <\/strong>: Griffin square, 1100, rue Ottawa, Montr\u00e9al H3C 0V6<\/li><li><strong>AVRIL LAVAL <\/strong>: Centre Laval, A1-1660, boulevard Le Corbusier, Laval H7S 1Z2<\/li><li><strong>AVRIL L\u00c9VIS <\/strong>: Carrefour Saint-Romuald, 1218, rue de la Concorde, L\u00e9vis G6W 0M7<\/li><li><strong>AVRIL LONGUEUIL <\/strong>: 1185, chemin du Tremblay, Longueuil J4N 1R4<\/li><li><strong>AVRIL MAGOG <\/strong>: Carrefour Sant\u00e9 Globale, 2385, rue Principale ouest, Magog J1X 0J4<\/li><li><strong>AVRIL MONTR\u00c9AL HUMANITI <\/strong>: Quartier international, 375, avenue Viger Ouest, Montr\u00e9al\u00a0 H2Z 0C1<\/li><li><strong>AVRIL QU\u00c9BEC LEBOURGNEUF<\/strong> : Espace Bouvier, 1033, rue des Rocailles, Qu\u00e9bec G2K 0L4<br \/><strong>AVRIL REPENTIGNY <\/strong>: Galeries Rive-Nord, 100, boulevard Brien, Local 067A, Repentigny J6A 5N4<\/li><li><strong>AVRIL SAINT-BRUNO <\/strong>: CF Promenades St-Bruno, 500, boulevard des Promenades, Saint-Bruno-de-Montarville J3V 5J5<\/li><li><strong>AVRIL SAINTE-FOY <\/strong>: Place de la cit\u00e9, 2600, boulevard Laurier, Ste-Foy G1V 4T3<\/li><li><strong>AVRIL SHERBROOKE <\/strong>: Complexe de la sant\u00e9, 35, rue J.-A. Bombardier, Sherbrooke J1L 0H8<\/li><\/ul><h2 style=\"font-family: 'Roboto Condensed', sans-serif; font-weight: 500; color: #000000; font-size: 20px; letter-spacing: 2px;\" data-elementor-setting-key=\"title\" data-pen-placeholder=\"Type Here...\">IGA<\/h2><ul style=\"font-size: 20px; background-color: #ffffff; text-transform: none; white-space: normal; word-spacing: 2px;\"><li style=\"font-size: 20px;\"><span style=\"background-color: transparent; font-weight: bold;\">IGA EXTRA &#8211; March\u00e9 Lavall\u00e9e <\/span><span style=\"color: #000000;\"><span style=\"font-family: Roboto Condensed, sans-serif;\"><span style=\"font-size: large;\"><b>:<\/b>\u00a01535 Boul. Le Corbusier, Laval H7S 1Z3<\/span><\/span><\/span><\/li><li style=\"font-size: 20px;\"><span style=\"font-weight: bold;\">IGA G\u00e9rard Champagne :<\/span> 5144 rue Bannantyne, Verdun H4G 1G5<\/li><\/ul><h2 style=\"font-family: 'Roboto Condensed', sans-serif; font-weight: 500; color: #000000; font-size: 20px; letter-spacing: 2px;\" data-elementor-setting-key=\"title\" data-pen-placeholder=\"Type Here...\">INTERMARCH\u00c9<\/h2><ul><li style=\"font-size: 20px;\"><span style=\"font-weight: bold;\">L&#8217;intermarch\u00e9\u00a0 Universel\u00a0<\/span>: 89 Ave Mont-Royal E., Montr\u00e9al\u00a0 H2T 1N6<\/li><\/ul><h2 style=\"font-family: 'Roboto Condensed', sans-serif; font-weight: 500; color: #000000; font-size: 20px; letter-spacing: 2px;\" data-elementor-setting-key=\"title\" data-pen-placeholder=\"Type Here...\">M\u00e9GA VRAC<\/h2><ul style=\"font-size: 20px; background-color: #ffffff; text-transform: none; white-space: normal; word-spacing: 2px;\"><li style=\"font-size: 20px;\"><span style=\"font-weight: bold;\">M\u00e9ga Vrac Rosemont\u00a0<\/span>:<span style=\"background-color: transparent;\">\u00a03101 Rue Masson, Montr\u00e9al H1Y 1W1<\/span><\/li><li style=\"font-size: 20px;\"><b>M\u00e9ga Vrac Villeray<\/b> :<span style=\"background-color: transparent;\">\u00a0421 Rue Villeray E, Montr\u00e9al H2R 1H2<\/span><\/li><\/ul><h2 style=\"font-family: 'Roboto Condensed', sans-serif; font-weight: 500; color: #000000; font-size: 20px; letter-spacing: 2px;\" data-elementor-setting-key=\"title\" data-pen-placeholder=\"Type Here...\">METRO<\/h2><div><ul><li><p style=\"margin-bottom: 0cm; border: none; padding: 0cm; font-variant-numeric: normal; font-variant-east-asian: normal; font-variant-alternates: normal; font-variant-position: normal; font-variant-emoji: normal; background: transparent;\"><b style=\"font-size: 15pt; font-family: 'Roboto Condensed', sans-serif; color: #000000;\">Metro Beaulieu Mont-Royal : <\/b><span style=\"color: #000000;\"><span style=\"font-family: Roboto Condensed, sans-serif;\"><span style=\"font-size: large;\">2275 Ave Mont-Royal E., Montr\u00e9al H2H 1K7<\/span><\/span><\/span><\/p><\/li><li><span style=\"color: #000000;\"><span style=\"font-family: Roboto Condensed, sans-serif;\"><span style=\"font-size: 15pt;\"><b>Metro Plus D\u00e9patie :<\/b>\u00a01100 boul. de l&#8217;Avenir, Laval H7N 6L2<\/span><\/span><\/span><\/li><\/ul><p><span style=\"color: #000000; font-family: 'Roboto Condensed', sans-serif; font-size: 20px; letter-spacing: 2px;\">PROVIGO<\/span><\/p><\/div><ul style=\"font-size: 20px; background-color: #ffffff; text-transform: none; white-space: normal; word-spacing: 2px;\"><li><span style=\"font-weight: bold;\">Provigo Angus (Provigo Fortin):<\/span> 2925 Rue Rachel E, Montr\u00e9al H1W 3Z8<\/li><li style=\"font-size: 20px;\"><span style=\"font-weight: bold;\">Provigo Almer : <\/span>375 chemin d&#8217;Aylmer, Gatineau J9H 1A5<\/li><\/ul><h2 style=\"font-family: 'Roboto Condensed', sans-serif; font-weight: 500; color: #000000; font-size: 20px; letter-spacing: 2px;\" data-elementor-setting-key=\"title\" data-pen-placeholder=\"Type Here...\">AUTRES<\/h2><ul style=\"font-size: 20px; background-color: #ffffff; text-transform: none; white-space: normal;\"><li style=\"font-size: 20px;\"><span style=\"background-color: transparent; font-weight: bold;\">\u00c0 Votre Sant\u00e9 &#8211; \u00c9picerie sant\u00e9 :<\/span><span style=\"background-color: transparent;\">\u00a05126 rue Sherbrooke Ouest, Montr\u00e9al H4A 1T1<\/span><\/li><li><strong>Fika Vegane :<\/strong> 6725 Rue De Marseille, Montr\u00e9al \u00a0H1N 1M4<\/li><li style=\"font-size: 20px;\"><span style=\"font-weight: bold;\">Supermarch\u00e9 Mile-End : <\/span>5600 Avenue Du Parc, Montr\u00e9al H2N 2A2<\/li><li><strong>Le Bowen Caf\u00e9 :<\/strong> 409 Rue Principale, Eastman\u00a0J0E 1P0<\/li><li><strong>La Ferme Quinn:<\/strong> 2495 Boulevard Perrot, Notre-Dame-de-l&#8217;\u00cele-Perrot\u00a0 J7W 2K8<\/li><li><strong>La G\u00e9n\u00e9rale \u00c9codep inc.:<\/strong> 1290 rue Laurier Est, Montreal H2J 1H1<\/li><li style=\"font-size: 20px;\"><span style=\"font-weight: bold;\">L&#8217;Eau Vive aliments naturels :<\/span>\u00a0248 Rue St Georges, Mont-Saint-Hilaire J3H 2Y1<\/li><li style=\"font-size: 20px;\"><span style=\"font-weight: bold;\">Le Crac &#8211; Carotte Joyeuse \u00c9picerie Sant\u00e9:<\/span>\u00a0\u00a0690 Rue Saint-Jean,\u00a0Qu\u00e9bec G1R 1P8<\/li><\/ul>\t\t\t\t\t\t<\/div>\n\t\t\t\t<\/div>\n\t\t\t\t\t<\/div>\n\t\t<\/div>\n\t\t\t\t\t\t\t<\/div>\n\t\t<\/section>\n\t\t\t\t<section class=\"elementor-section elementor-top-section elementor-element elementor-element-eb58e57 elementor-section-boxed elementor-section-height-default elementor-section-height-default wpr-particle-no wpr-jarallax-no wpr-parallax-no wpr-sticky-section-no\" data-id=\"eb58e57\" data-element_type=\"section\">\n\t\t\t\t\t\t<div class=\"elementor-container elementor-column-gap-default\">\n\t\t\t\t\t<div class=\"elementor-column elementor-col-100 elementor-top-column elementor-element elementor-element-67d1ad3\" data-id=\"67d1ad3\" data-element_type=\"column\">\n\t\t\t<div class=\"elementor-widget-wrap\">\n\t\t\t\t\t\t\t\t\t<\/div>\n\t\t<\/div>\n\t\t\t\t\t\t\t<\/div>\n\t\t<\/section>\n\t\t\t\t\t\t\t<\/div>","protected":false},"excerpt":{"rendered":"<p>WHERE TO FIND OUR PRODUCTS (List will be updated as more locations are added) \u00a0 To see the locations sorted&hellip;<\/p>","protected":false},"author":1,"featured_media":0,"parent":0,"menu_order":0,"comment_status":"closed","ping_status":"closed","template":"elementor_canvas","meta":[],"_links":{"self":[{"href":"https:\/\/bodhigourmet.com\/fr\/wp-json\/wp\/v2\/pages\/133"}],"collection":[{"href":"https:\/\/bodhigourmet.com\/fr\/wp-json\/wp\/v2\/pages"}],"about":[{"href":"https:\/\/bodhigourmet.com\/fr\/wp-json\/wp\/v2\/types\/page"}],"author":[{"embeddable":true,"href":"https:\/\/bodhigourmet.com\/fr\/wp-json\/wp\/v2\/users\/1"}],"replies":[{"embeddable":true,"href":"https:\/\/bodhigourmet.com\/fr\/wp-json\/wp\/v2\/comments?post=133"}],"version-history":[{"count":268,"href":"https:\/\/bodhigourmet.com\/fr\/wp-json\/wp\/v2\/pages\/133\/revisions"}],"predecessor-version":[{"id":1140,"href":"https:\/\/bodhigourmet.com\/fr\/wp-json\/wp\/v2\/pages\/133\/revisions\/1140"}],"wp:attachment":[{"href":"https:\/\/bodhigourmet.com\/fr\/wp-json\/wp\/v2\/media?parent=133"}],"curies":[{"name":"wp","href":"https:\/\/api.w.org\/{rel}","templated":true}]}}