

{"id":34,"date":"2022-04-10T09:03:02","date_gmt":"2022-04-10T09:03:02","guid":{"rendered":"https:\/\/bodhigourmet.com\/home\/"},"modified":"2025-08-27T13:56:25","modified_gmt":"2025-08-27T13:56:25","slug":"home","status":"publish","type":"page","link":"https:\/\/bodhigourmet.com\/fr\/","title":{"rendered":"Home"},"content":{"rendered":"<div data-elementor-type=\"wp-page\" data-elementor-id=\"34\" class=\"elementor elementor-34\">\n\t\t\t\t\t\t\t\t\t<section class=\"elementor-section elementor-top-section elementor-element elementor-element-db4849c elementor-section-full_width elementor-section-height-default elementor-section-height-default wpr-particle-no wpr-jarallax-no wpr-parallax-no wpr-sticky-section-no\" data-id=\"db4849c\" data-element_type=\"section\">\n\t\t\t\t\t\t<div class=\"elementor-container elementor-column-gap-no\">\n\t\t\t\t\t<div class=\"elementor-column elementor-col-100 elementor-top-column elementor-element elementor-element-6963e0c\" data-id=\"6963e0c\" data-element_type=\"column\">\n\t\t\t<div class=\"elementor-widget-wrap elementor-element-populated\">\n\t\t\t\t\t\t\t\t<div class=\"elementor-element elementor-element-f98ab8a elementor-widget elementor-widget-image\" data-id=\"f98ab8a\" data-element_type=\"widget\" data-widget_type=\"image.default\">\n\t\t\t\t<div class=\"elementor-widget-container\">\n\t\t\t<style>\/*! elementor - v3.6.2 - 04-04-2022 *\/\n.elementor-widget-image{text-align:center}.elementor-widget-image a{display:inline-block}.elementor-widget-image a img[src$=\".svg\"]{width:48px}.elementor-widget-image img{vertical-align:middle;display:inline-block}<\/style>\t\t\t\t\t\t\t\t\t\t\t\t<img decoding=\"async\" width=\"1000\" height=\"1000\" src=\"https:\/\/bodhigourmet.com\/wp-content\/uploads\/2025\/08\/Four-sauces-transparent-back-1000-x-1000-px-1.png\" class=\"attachment-full size-full\" alt=\"\" loading=\"lazy\" srcset=\"https:\/\/bodhigourmet.com\/wp-content\/uploads\/2025\/08\/Four-sauces-transparent-back-1000-x-1000-px-1.png 1000w, https:\/\/bodhigourmet.com\/wp-content\/uploads\/2025\/08\/Four-sauces-transparent-back-1000-x-1000-px-1-300x300.png 300w, https:\/\/bodhigourmet.com\/wp-content\/uploads\/2025\/08\/Four-sauces-transparent-back-1000-x-1000-px-1-150x150.png 150w, https:\/\/bodhigourmet.com\/wp-content\/uploads\/2025\/08\/Four-sauces-transparent-back-1000-x-1000-px-1-768x768.png 768w, https:\/\/bodhigourmet.com\/wp-content\/uploads\/2025\/08\/Four-sauces-transparent-back-1000-x-1000-px-1-12x12.png 12w\" sizes=\"(max-width: 1000px) 100vw, 1000px\" \/>\t\t\t\t\t\t\t\t\t\t\t\t\t\t\t<\/div>\n\t\t\t\t<\/div>\n\t\t\t\t\t<\/div>\n\t\t<\/div>\n\t\t\t\t\t\t\t<\/div>\n\t\t<\/section>\n\t\t\t\t<section class=\"elementor-section elementor-top-section elementor-element elementor-element-d6a4f09 elementor-section-full_width elementor-section-content-middle elementor-section-height-default elementor-section-height-default wpr-particle-no wpr-jarallax-no wpr-parallax-no wpr-sticky-section-no\" data-id=\"d6a4f09\" data-element_type=\"section\">\n\t\t\t\t\t\t<div class=\"elementor-container elementor-column-gap-no\">\n\t\t\t\t\t<div class=\"elementor-column elementor-col-50 elementor-top-column elementor-element elementor-element-89918c6\" data-id=\"89918c6\" data-element_type=\"column\">\n\t\t\t<div class=\"elementor-widget-wrap elementor-element-populated\">\n\t\t\t\t\t\t\t\t<div class=\"elementor-element elementor-element-07700f0 elementor-invisible elementor-widget elementor-widget-image\" data-id=\"07700f0\" data-element_type=\"widget\" data-settings=\"{&quot;_animation&quot;:&quot;fadeInDown&quot;}\" data-widget_type=\"image.default\">\n\t\t\t\t<div class=\"elementor-widget-container\">\n\t\t\t\t\t\t\t\t\t\t\t\t\t\t\t<img decoding=\"async\" width=\"1365\" height=\"2048\" src=\"https:\/\/bodhigourmet.com\/wp-content\/uploads\/2023\/09\/6X5A2667-copy.jpg\" class=\"attachment-full size-full\" alt=\"\" loading=\"lazy\" srcset=\"https:\/\/bodhigourmet.com\/wp-content\/uploads\/2023\/09\/6X5A2667-copy.jpg 1365w, https:\/\/bodhigourmet.com\/wp-content\/uploads\/2023\/09\/6X5A2667-copy-200x300.jpg 200w, https:\/\/bodhigourmet.com\/wp-content\/uploads\/2023\/09\/6X5A2667-copy-683x1024.jpg 683w, https:\/\/bodhigourmet.com\/wp-content\/uploads\/2023\/09\/6X5A2667-copy-768x1152.jpg 768w, https:\/\/bodhigourmet.com\/wp-content\/uploads\/2023\/09\/6X5A2667-copy-1024x1536.jpg 1024w, https:\/\/bodhigourmet.com\/wp-content\/uploads\/2023\/09\/6X5A2667-copy-8x12.jpg 8w\" sizes=\"(max-width: 1365px) 100vw, 1365px\" \/>\t\t\t\t\t\t\t\t\t\t\t\t\t\t\t<\/div>\n\t\t\t\t<\/div>\n\t\t\t\t\t<\/div>\n\t\t<\/div>\n\t\t\t\t<div class=\"elementor-column elementor-col-50 elementor-top-column elementor-element elementor-element-7ee1924\" data-id=\"7ee1924\" data-element_type=\"column\">\n\t\t\t<div class=\"elementor-widget-wrap elementor-element-populated\">\n\t\t\t\t\t\t\t\t<div class=\"elementor-element elementor-element-b22934f elementor-widget elementor-widget-heading\" data-id=\"b22934f\" data-element_type=\"widget\" data-widget_type=\"heading.default\">\n\t\t\t\t<div class=\"elementor-widget-container\">\n\t\t\t<style>\/*! elementor - v3.6.2 - 04-04-2022 *\/\n.elementor-heading-title{padding:0;margin:0;line-height:1}.elementor-widget-heading .elementor-heading-title[class*=elementor-size-]>a{color:inherit;font-size:inherit;line-height:inherit}.elementor-widget-heading .elementor-heading-title.elementor-size-small{font-size:15px}.elementor-widget-heading .elementor-heading-title.elementor-size-medium{font-size:19px}.elementor-widget-heading .elementor-heading-title.elementor-size-large{font-size:29px}.elementor-widget-heading .elementor-heading-title.elementor-size-xl{font-size:39px}.elementor-widget-heading .elementor-heading-title.elementor-size-xxl{font-size:59px}<\/style><h2 class=\"elementor-heading-title elementor-size-default\"><h3 style=\"font-family: Kaushan script, sans-serif; font-weight: 300; color: rgb(40, 24, 24); font-size: 38px; text-transform: none; letter-spacing: 2.8px; word-spacing: 2px; -webkit-text-stroke-color: rgb(0, 0, 0); stroke: rgb(0, 0, 0); white-space: normal;\">maintenant disponible en \u00e9piceries!<\/h2>\t\t<\/div>\n\t\t\t\t<\/div>\n\t\t\t\t<div class=\"elementor-element elementor-element-df265b6 elementor-widget elementor-widget-text-editor\" data-id=\"df265b6\" data-element_type=\"widget\" data-widget_type=\"text-editor.default\">\n\t\t\t\t<div class=\"elementor-widget-container\">\n\t\t\t<style>\/*! elementor - v3.6.2 - 04-04-2022 *\/\n.elementor-widget-text-editor.elementor-drop-cap-view-stacked .elementor-drop-cap{background-color:#818a91;color:#fff}.elementor-widget-text-editor.elementor-drop-cap-view-framed .elementor-drop-cap{color:#818a91;border:3px solid;background-color:transparent}.elementor-widget-text-editor:not(.elementor-drop-cap-view-default) .elementor-drop-cap{margin-top:8px}.elementor-widget-text-editor:not(.elementor-drop-cap-view-default) .elementor-drop-cap-letter{width:1em;height:1em}.elementor-widget-text-editor .elementor-drop-cap{float:left;text-align:center;line-height:1;font-size:50px}.elementor-widget-text-editor .elementor-drop-cap-letter{display:inline-block}<\/style>\t\t\t\t<p class=\"_04xlpA direction-ltr align-start para-style-body\" style=\"color: #281818; font-family: 'Barlow semicondensed', sans-serif; font-size: 22px; letter-spacing: 0.2px; word-spacing: 2px;\"><strong>\u00c9levez votre exp\u00e9rience culinaire avec Bodh\u00ef Gourmet<\/strong><\/p><p class=\"_04xlpA direction-ltr align-start para-style-body\" style=\"color: #281818; font-family: 'Barlow semicondensed', sans-serif; font-size: 22px; letter-spacing: 0.2px; word-spacing: 2px;\">Plongez dans un voyage culinaire avec nos sauces asiatiques authentiques \u00e0 base de plantes, fabriqu\u00e9es au Qu\u00e9bec.<\/p><p class=\"_04xlpA direction-ltr align-start para-style-body\" style=\"color: #281818; font-family: 'Barlow semicondensed', sans-serif; font-size: 22px; letter-spacing: 0.2px; word-spacing: 2px;\">S'inspirant de recettes familiales traditionnelles, notre gamme comprend des sauces de poisson riches et aromatiques \u00e0 base de plantes, une robuste sauce aux hu\u00eetres v\u00e9g\u00e9talienne et une savoureuse sauce barbecue cor\u00e9enne, toutes compos\u00e9es de plusieurs ingr\u00e9dients biologiques.<\/p><p class=\"_04xlpA direction-ltr align-start para-style-body\" style=\"color: #281818; font-family: 'Barlow semicondensed', sans-serif; font-size: 22px; letter-spacing: 0.2px; word-spacing: 2px;\">Outre notre poudre de miso rouge lyophilis\u00e9e polyvalente, d\u00e9couvrez une s\u00e9lection de sauces et d'assaisonnements con\u00e7us pour les palais les plus fins \u00e0 la recherche des meilleures alternatives v\u00e9g\u00e9tales.<\/p>\t\t\t\t\t\t<\/div>\n\t\t\t\t<\/div>\n\t\t\t\t\t<\/div>\n\t\t<\/div>\n\t\t\t\t\t\t\t<\/div>\n\t\t<\/section>\n\t\t\t\t<section class=\"elementor-section elementor-top-section elementor-element elementor-element-c240f53 elementor-section-full_width elementor-section-height-default elementor-section-height-default wpr-particle-no wpr-jarallax-no wpr-parallax-no wpr-sticky-section-no\" data-id=\"c240f53\" data-element_type=\"section\">\n\t\t\t\t\t\t<div class=\"elementor-container elementor-column-gap-no\">\n\t\t\t\t\t<div class=\"elementor-column elementor-col-100 elementor-top-column elementor-element elementor-element-ad94a0d\" data-id=\"ad94a0d\" data-element_type=\"column\">\n\t\t\t<div class=\"elementor-widget-wrap elementor-element-populated\">\n\t\t\t\t\t\t\t\t\t<\/div>\n\t\t<\/div>\n\t\t\t\t\t\t\t<\/div>\n\t\t<\/section>\n\t\t\t\t<section class=\"elementor-section elementor-top-section elementor-element elementor-element-e4cce50 elementor-section-full_width elementor-section-content-middle elementor-section-height-default elementor-section-height-default wpr-particle-no wpr-jarallax-no wpr-parallax-no wpr-sticky-section-no\" data-id=\"e4cce50\" data-element_type=\"section\" data-settings=\"{&quot;shape_divider_top&quot;:&quot;waves&quot;}\">\n\t\t\t\t\t<div class=\"elementor-shape elementor-shape-top\" data-negative=\"false\">\n\t\t\t<svg xmlns=\"http:\/\/www.w3.org\/2000\/svg\" viewbox=\"0 0 1000 100\" preserveaspectratio=\"none\">\n\t<path class=\"elementor-shape-fill\" d=\"M421.9,6.5c22.6-2.5,51.5,0.4,75.5,5.3c23.6,4.9,70.9,23.5,100.5,35.7c75.8,32.2,133.7,44.5,192.6,49.7\tc23.6,2.1,48.7,3.5,103.4-2.5c54.7-6,106.2-25.6,106.2-25.6V0H0v30.3c0,0,72,32.6,158.4,30.5c39.2-0.7,92.8-6.7,134-22.4\tc21.2-8.1,52.2-18.2,79.7-24.2C399.3,7.9,411.6,7.5,421.9,6.5z\"\/>\n<\/svg>\t\t<\/div>\n\t\t\t\t\t<div class=\"elementor-container elementor-column-gap-no\">\n\t\t\t\t\t<div class=\"elementor-column elementor-col-50 elementor-top-column elementor-element elementor-element-ae0d8e2\" data-id=\"ae0d8e2\" data-element_type=\"column\">\n\t\t\t<div class=\"elementor-widget-wrap elementor-element-populated\">\n\t\t\t\t\t\t\t\t<div class=\"elementor-element elementor-element-7d9c283 elementor-widget elementor-widget-heading\" data-id=\"7d9c283\" data-element_type=\"widget\" data-widget_type=\"heading.default\">\n\t\t\t\t<div class=\"elementor-widget-container\">\n\t\t\t<h2 class=\"elementor-heading-title elementor-size-default\"><font style=\"vertical-align: inherit;\"><font style=\"vertical-align: inherit;\" class=\"goog-text-highlight\">Fait au Canada.<\/font><\/font><p><font style=\"vertical-align: inherit;\"><font style=\"vertical-align: inherit;\">Inspir\u00e9e du Vietnam.<\/font><\/font><\/p><font style=\"vertical-align: inherit;\"><font style=\"vertical-align: inherit;\"><\/font><\/font><\/h2>\t\t<\/div>\n\t\t\t\t<\/div>\n\t\t\t\t<div class=\"elementor-element elementor-element-cb09e39 elementor-widget elementor-widget-text-editor\" data-id=\"cb09e39\" data-element_type=\"widget\" data-widget_type=\"text-editor.default\">\n\t\t\t\t<div class=\"elementor-widget-container\">\n\t\t\t\t\t\t\t<table border=\"0\" bgcolor=\"FFFFFF\"><tbody><tr><td style=\"background: transparent; border: none;\"><table border=\"0\" bgcolor=\"FFFFFF\"><tbody><tr><td style=\"background: transparent; border: none;\"><img decoding=\"async\" loading=\"lazy\" class=\"size-medium wp-image-66 alignright\" src=\"https:\/\/bodhigourmet.com\/wp-content\/uploads\/2022\/04\/fish-300x300.png\" alt=\"\" width=\"60\" height=\"30\" \/><\/td><td style=\"background: transparent; border: none;\">\u00c0 base v\u00e9g\u00e9tale.<\/td><\/tr><tr><td style=\"background: transparent; border: none;\"><img decoding=\"async\" loading=\"lazy\" class=\"size-medium wp-image-66 alignright\" src=\"https:\/\/bodhigourmet.com\/wp-content\/uploads\/2022\/04\/fish-300x300.png\" alt=\"\" width=\"60\" height=\"30\" \/><\/td><td style=\"background: transparent; border: none;\">Go\u00fbt authentique.<\/td><\/tr><tr><td style=\"background: transparent; border: none;\"><img decoding=\"async\" loading=\"lazy\" class=\"size-medium wp-image-66 alignright\" src=\"https:\/\/bodhigourmet.com\/wp-content\/uploads\/2022\/04\/fish-300x300.png\" alt=\"\" width=\"60\" height=\"30\" \/><\/td><td style=\"background: transparent; border: none;\">Sans ar\u00f4mes ni colorants artificiels.<\/td><\/tr><\/tbody><\/table><\/td><td style=\"background: transparent; border: none;\">\u00a0<\/td><\/tr><\/tbody><\/table>\t\t\t\t\t\t<\/div>\n\t\t\t\t<\/div>\n\t\t\t\t\t<\/div>\n\t\t<\/div>\n\t\t\t\t<div class=\"elementor-column elementor-col-50 elementor-top-column elementor-element elementor-element-8f07538\" data-id=\"8f07538\" data-element_type=\"column\">\n\t\t\t<div class=\"elementor-widget-wrap elementor-element-populated\">\n\t\t\t\t\t\t\t\t<div class=\"elementor-element elementor-element-0374933 elementor-widget elementor-widget-image\" data-id=\"0374933\" data-element_type=\"widget\" data-widget_type=\"image.default\">\n\t\t\t\t<div class=\"elementor-widget-container\">\n\t\t\t\t\t\t\t\t\t\t\t\t\t\t\t<img decoding=\"async\" width=\"1707\" height=\"2560\" src=\"https:\/\/bodhigourmet.com\/wp-content\/uploads\/2023\/09\/IMG_2203-scaled.jpg\" class=\"attachment-full size-full\" alt=\"\" loading=\"lazy\" srcset=\"https:\/\/bodhigourmet.com\/wp-content\/uploads\/2023\/09\/IMG_2203-scaled.jpg 1707w, https:\/\/bodhigourmet.com\/wp-content\/uploads\/2023\/09\/IMG_2203-200x300.jpg 200w, https:\/\/bodhigourmet.com\/wp-content\/uploads\/2023\/09\/IMG_2203-683x1024.jpg 683w, https:\/\/bodhigourmet.com\/wp-content\/uploads\/2023\/09\/IMG_2203-768x1152.jpg 768w, https:\/\/bodhigourmet.com\/wp-content\/uploads\/2023\/09\/IMG_2203-1024x1536.jpg 1024w, https:\/\/bodhigourmet.com\/wp-content\/uploads\/2023\/09\/IMG_2203-1365x2048.jpg 1365w, https:\/\/bodhigourmet.com\/wp-content\/uploads\/2023\/09\/IMG_2203-8x12.jpg 8w\" sizes=\"(max-width: 1707px) 100vw, 1707px\" \/>\t\t\t\t\t\t\t\t\t\t\t\t\t\t\t<\/div>\n\t\t\t\t<\/div>\n\t\t\t\t\t<\/div>\n\t\t<\/div>\n\t\t\t\t\t\t\t<\/div>\n\t\t<\/section>\n\t\t\t\t<section class=\"elementor-section elementor-top-section elementor-element elementor-element-956d3ff elementor-section-full_width elementor-section-content-middle elementor-section-height-default elementor-section-height-default wpr-particle-no wpr-jarallax-no wpr-parallax-no wpr-sticky-section-no\" data-id=\"956d3ff\" data-element_type=\"section\" data-settings=\"{&quot;background_background&quot;:&quot;classic&quot;,&quot;shape_divider_top&quot;:&quot;waves&quot;}\">\n\t\t\t\t\t<div class=\"elementor-shape elementor-shape-top\" data-negative=\"false\">\n\t\t\t<svg xmlns=\"http:\/\/www.w3.org\/2000\/svg\" viewbox=\"0 0 1000 100\" preserveaspectratio=\"none\">\n\t<path class=\"elementor-shape-fill\" d=\"M421.9,6.5c22.6-2.5,51.5,0.4,75.5,5.3c23.6,4.9,70.9,23.5,100.5,35.7c75.8,32.2,133.7,44.5,192.6,49.7\tc23.6,2.1,48.7,3.5,103.4-2.5c54.7-6,106.2-25.6,106.2-25.6V0H0v30.3c0,0,72,32.6,158.4,30.5c39.2-0.7,92.8-6.7,134-22.4\tc21.2-8.1,52.2-18.2,79.7-24.2C399.3,7.9,411.6,7.5,421.9,6.5z\"\/>\n<\/svg>\t\t<\/div>\n\t\t\t\t\t<div class=\"elementor-container elementor-column-gap-no\">\n\t\t\t\t\t<div class=\"elementor-column elementor-col-50 elementor-top-column elementor-element elementor-element-34bf50c\" data-id=\"34bf50c\" data-element_type=\"column\">\n\t\t\t<div class=\"elementor-widget-wrap elementor-element-populated\">\n\t\t\t\t\t\t\t\t<div class=\"elementor-element elementor-element-2fec853 elementor-widget elementor-widget-image\" data-id=\"2fec853\" data-element_type=\"widget\" data-widget_type=\"image.default\">\n\t\t\t\t<div class=\"elementor-widget-container\">\n\t\t\t\t\t\t\t\t\t\t\t\t\t\t\t<img decoding=\"async\" width=\"1366\" height=\"2048\" src=\"https:\/\/bodhigourmet.com\/wp-content\/uploads\/2023\/09\/6X5A2742-copy.jpg\" class=\"attachment-full size-full\" alt=\"\" loading=\"lazy\" srcset=\"https:\/\/bodhigourmet.com\/wp-content\/uploads\/2023\/09\/6X5A2742-copy.jpg 1366w, https:\/\/bodhigourmet.com\/wp-content\/uploads\/2023\/09\/6X5A2742-copy-200x300.jpg 200w, https:\/\/bodhigourmet.com\/wp-content\/uploads\/2023\/09\/6X5A2742-copy-683x1024.jpg 683w, https:\/\/bodhigourmet.com\/wp-content\/uploads\/2023\/09\/6X5A2742-copy-768x1151.jpg 768w, https:\/\/bodhigourmet.com\/wp-content\/uploads\/2023\/09\/6X5A2742-copy-1025x1536.jpg 1025w, https:\/\/bodhigourmet.com\/wp-content\/uploads\/2023\/09\/6X5A2742-copy-8x12.jpg 8w\" sizes=\"(max-width: 1366px) 100vw, 1366px\" \/>\t\t\t\t\t\t\t\t\t\t\t\t\t\t\t<\/div>\n\t\t\t\t<\/div>\n\t\t\t\t<div class=\"elementor-element elementor-element-fa2fdc2 elementor-widget elementor-widget-heading\" data-id=\"fa2fdc2\" data-element_type=\"widget\" data-widget_type=\"heading.default\">\n\t\t\t\t<div class=\"elementor-widget-container\">\n\t\t\t<h6 class=\"elementor-heading-title elementor-size-default\">An Pham, fondatrice et cr\u00e9atrice de recettes<\/h6>\t\t<\/div>\n\t\t\t\t<\/div>\n\t\t\t\t\t<\/div>\n\t\t<\/div>\n\t\t\t\t<div class=\"elementor-column elementor-col-50 elementor-top-column elementor-element elementor-element-5d1845f\" data-id=\"5d1845f\" data-element_type=\"column\">\n\t\t\t<div class=\"elementor-widget-wrap elementor-element-populated\">\n\t\t\t\t\t\t\t\t<div class=\"elementor-element elementor-element-cf2dd3d elementor-widget elementor-widget-heading\" data-id=\"cf2dd3d\" data-element_type=\"widget\" data-widget_type=\"heading.default\">\n\t\t\t\t<div class=\"elementor-widget-container\">\n\t\t\t<h2 class=\"elementor-heading-title elementor-size-default\">Notre histoire<\/h2>\t\t<\/div>\n\t\t\t\t<\/div>\n\t\t\t\t<div class=\"elementor-element elementor-element-d4bb553 elementor-widget elementor-widget-text-editor\" data-id=\"d4bb553\" data-element_type=\"widget\" data-widget_type=\"text-editor.default\">\n\t\t\t\t<div class=\"elementor-widget-container\">\n\t\t\t\t\t\t\t<p style=\"text-align: left;\">Lorsque j'ai commenc\u00e9 mon parcours vers le v\u00e9ganisme en 2018, je me suis rendue compte que les v\u00e9ritables saveurs asiatiques qui remplissaient les repas de mon enfance me manquaient.<\/p><p style=\"text-align: left;\">Je voulais combiner les go\u00fbts riches des recettes familiales pr\u00e9f\u00e9r\u00e9es avec les choix conscients d'un mode de vie v\u00e9gane. C'est donc avec une bonne dose de passion, de d\u00e9termination et d'amour pour la nourriture que j'ai cr\u00e9\u00e9 Bodh\u00ef Gourmet.<\/p><p style=\"text-align: left;\">Chaque sauce que nous offrons est plus qu'un simple produit; c'est une partie de mon histoire, de mon h\u00e9ritage et de mon engagement \u00e0 vous offrir des saveurs authentiques de fa\u00e7on durable. Fi\u00e8rement fabriqu\u00e9s ici m\u00eame au Qu\u00e9bec, je vous invite \u00e0 explorer et appr\u00e9cier des produits traditionnels, r\u00e9imagin\u00e9s pour le consommateur conscient d'aujourd'hui.<\/p><p><a href=\"https:\/\/bodhigourmet.com\/fr\/our-story\/\"><span style=\"color: #80b78b;\"><i>...lire plus<\/i><\/span><\/a><\/p>\t\t\t\t\t\t<\/div>\n\t\t\t\t<\/div>\n\t\t\t\t\t<\/div>\n\t\t<\/div>\n\t\t\t\t\t\t\t<\/div>\n\t\t<\/section>\n\t\t\t\t<section class=\"elementor-section elementor-top-section elementor-element elementor-element-1b2be6f elementor-section-full_width elementor-section-height-default elementor-section-height-default wpr-particle-no wpr-jarallax-no wpr-parallax-no wpr-sticky-section-no\" data-id=\"1b2be6f\" data-element_type=\"section\">\n\t\t\t\t\t\t<div class=\"elementor-container elementor-column-gap-no\">\n\t\t\t\t\t<div class=\"elementor-column elementor-col-100 elementor-top-column elementor-element elementor-element-1a40475\" data-id=\"1a40475\" data-element_type=\"column\">\n\t\t\t<div class=\"elementor-widget-wrap elementor-element-populated\">\n\t\t\t\t\t\t\t\t<div class=\"elementor-element elementor-element-bb0a7e1 elementor-widget elementor-widget-heading\" data-id=\"bb0a7e1\" data-element_type=\"widget\" data-widget_type=\"heading.default\">\n\t\t\t\t<div class=\"elementor-widget-container\">\n\t\t\t<h2 class=\"elementor-heading-title elementor-size-default\">Pourquoi v\u00e9g\u00e9tal?<\/h2>\t\t<\/div>\n\t\t\t\t<\/div>\n\t\t\t\t<section class=\"elementor-section elementor-inner-section elementor-element elementor-element-213ba14 elementor-section-boxed elementor-section-height-default elementor-section-height-default wpr-particle-no wpr-jarallax-no wpr-parallax-no wpr-sticky-section-no\" data-id=\"213ba14\" data-element_type=\"section\">\n\t\t\t\t\t\t<div class=\"elementor-container elementor-column-gap-default\">\n\t\t\t\t\t<div class=\"elementor-column elementor-col-33 elementor-inner-column elementor-element elementor-element-baad869\" data-id=\"baad869\" data-element_type=\"column\">\n\t\t\t<div class=\"elementor-widget-wrap elementor-element-populated\">\n\t\t\t\t\t\t\t\t<div class=\"elementor-element elementor-element-c51eaca elementor-widget elementor-widget-text-editor\" data-id=\"c51eaca\" data-element_type=\"widget\" data-widget_type=\"text-editor.default\">\n\t\t\t\t<div class=\"elementor-widget-container\">\n\t\t\t\t\t\t\t<p class=\"_04xlpA direction-ltr align-center para-style-body\" style=\"color: #80b78d; font-family: 'Barlow semicondensed', sans-serif; text-align: left;\"><span class=\"JsGRdQ\">Que l'on consid\u00e8re la question d'un point de vue environnemental ou \u00e9thique, les chiffres sont consternants.<\/span><\/p>\n<p class=\"_04xlpA direction-ltr align-center para-style-body\" style=\"color: #80b78d; font-family: 'Barlow semicondensed', sans-serif;\"><span class=\"JsGRdQ\">On estime<i>t<\/i>que 72 milliards d'animaux terrestres et 1 \u00e0 3 trillions de poissons sauvages sont tu\u00e9s chaque ann\u00e9e dans le monde pour la consommation humaine.<\/span><\/p>\n\n<center>***<\/center>\t\t\t\t\t\t<\/div>\n\t\t\t\t<\/div>\n\t\t\t\t\t<\/div>\n\t\t<\/div>\n\t\t\t\t<div class=\"elementor-column elementor-col-33 elementor-inner-column elementor-element elementor-element-ba469c4\" data-id=\"ba469c4\" data-element_type=\"column\">\n\t\t\t<div class=\"elementor-widget-wrap elementor-element-populated\">\n\t\t\t\t\t\t\t\t<div class=\"elementor-element elementor-element-eb78eda elementor-widget elementor-widget-text-editor\" data-id=\"eb78eda\" data-element_type=\"widget\" data-widget_type=\"text-editor.default\">\n\t\t\t\t<div class=\"elementor-widget-container\">\n\t\t\t\t\t\t\t<p class=\"_04xlpA direction-ltr align-center para-style-body\" style=\"color: #80b78d; font-family: 'Barlow semicondensed', sans-serif;\"><span class=\"JsGRdQ\">En outre, des milliards de poissons sont en \u00e9levage. Les deux tiers des p\u00eacheries mondiales sont surexploit\u00e9es ou<\/span><\/p>\n<p class=\"_04xlpA direction-ltr align-center para-style-body\" style=\"color: #80b78d; font-family: 'Barlow semicondensed', sans-serif;\"><span class=\"JsGRdQ\">Des \u00e9tudes montrent qu'au rythme actuel, nous serons en p\u00e9nurie de fruits de mer d'ici 2048.<\/span><\/p>\n\n<center>***<\/center>&nbsp;\t\t\t\t\t\t<\/div>\n\t\t\t\t<\/div>\n\t\t\t\t\t<\/div>\n\t\t<\/div>\n\t\t\t\t<div class=\"elementor-column elementor-col-33 elementor-inner-column elementor-element elementor-element-48ecc30\" data-id=\"48ecc30\" data-element_type=\"column\">\n\t\t\t<div class=\"elementor-widget-wrap elementor-element-populated\">\n\t\t\t\t\t\t\t\t<div class=\"elementor-element elementor-element-6431665 elementor-widget elementor-widget-text-editor\" data-id=\"6431665\" data-element_type=\"widget\" data-widget_type=\"text-editor.default\">\n\t\t\t\t<div class=\"elementor-widget-container\">\n\t\t\t\t\t\t\t<span style=\"color: #80b78d; font-family: 'Barlow semicondensed', sans-serif; text-align: center;\">Face \u00e0 des chiffres aussi catastrophiques, il est d\u00e9sormais n\u00e9cessaire, plus que jamais, de se tourner vers une alimentation \u00e0 base v\u00e9g\u00e9tale. C'est le moins que l'on puisse faire au niveau individuel.<\/span>\n\n<center>***<\/center>\t\t\t\t\t\t<\/div>\n\t\t\t\t<\/div>\n\t\t\t\t\t<\/div>\n\t\t<\/div>\n\t\t\t\t\t\t\t<\/div>\n\t\t<\/section>\n\t\t\t\t\t<\/div>\n\t\t<\/div>\n\t\t\t\t\t\t\t<\/div>\n\t\t<\/section>\n\t\t\t\t\t\t\t<\/div>","protected":false},"excerpt":{"rendered":"<p>now available in stores! Elevate Your Culinary Experience with Bodh\u00ef Gourmet Dive into a culinary journey with our authentic plant-based&hellip;<\/p>","protected":false},"author":0,"featured_media":0,"parent":0,"menu_order":0,"comment_status":"closed","ping_status":"closed","template":"elementor_canvas","meta":[],"_links":{"self":[{"href":"https:\/\/bodhigourmet.com\/fr\/wp-json\/wp\/v2\/pages\/34"}],"collection":[{"href":"https:\/\/bodhigourmet.com\/fr\/wp-json\/wp\/v2\/pages"}],"about":[{"href":"https:\/\/bodhigourmet.com\/fr\/wp-json\/wp\/v2\/types\/page"}],"replies":[{"embeddable":true,"href":"https:\/\/bodhigourmet.com\/fr\/wp-json\/wp\/v2\/comments?post=34"}],"version-history":[{"count":165,"href":"https:\/\/bodhigourmet.com\/fr\/wp-json\/wp\/v2\/pages\/34\/revisions"}],"predecessor-version":[{"id":1064,"href":"https:\/\/bodhigourmet.com\/fr\/wp-json\/wp\/v2\/pages\/34\/revisions\/1064"}],"wp:attachment":[{"href":"https:\/\/bodhigourmet.com\/fr\/wp-json\/wp\/v2\/media?parent=34"}],"curies":[{"name":"wp","href":"https:\/\/api.w.org\/{rel}","templated":true}]}}