

{"id":429,"date":"2022-06-20T23:51:56","date_gmt":"2022-06-20T23:51:56","guid":{"rendered":"https:\/\/bodhigourmet.com\/home\/"},"modified":"2026-02-18T03:24:07","modified_gmt":"2026-02-18T03:24:07","slug":"where-to-find-by-city","status":"publish","type":"page","link":"https:\/\/bodhigourmet.com\/fr\/where-to-find-by-city\/","title":{"rendered":"Where to Find by City"},"content":{"rendered":"<div data-elementor-type=\"wp-page\" data-elementor-id=\"429\" class=\"elementor elementor-429\">\n\t\t\t\t\t\t\t\t\t<section class=\"elementor-section elementor-top-section elementor-element elementor-element-d6a4f09 elementor-section-full_width elementor-section-content-middle elementor-section-height-default elementor-section-height-default wpr-particle-no wpr-jarallax-no wpr-parallax-no wpr-sticky-section-no\" data-id=\"d6a4f09\" data-element_type=\"section\">\n\t\t\t\t\t\t<div class=\"elementor-container elementor-column-gap-no\">\n\t\t\t\t\t<div class=\"elementor-column elementor-col-50 elementor-top-column elementor-element elementor-element-89918c6\" data-id=\"89918c6\" data-element_type=\"column\">\n\t\t\t<div class=\"elementor-widget-wrap elementor-element-populated\">\n\t\t\t\t\t\t\t\t<div class=\"elementor-element elementor-element-d422afb elementor-widget elementor-widget-heading\" data-id=\"d422afb\" data-element_type=\"widget\" data-widget_type=\"heading.default\">\n\t\t\t\t<div class=\"elementor-widget-container\">\n\t\t\t<style>\/*! elementor - v3.6.2 - 04-04-2022 *\/\n.elementor-heading-title{padding:0;margin:0;line-height:1}.elementor-widget-heading .elementor-heading-title[class*=elementor-size-]>a{color:inherit;font-size:inherit;line-height:inherit}.elementor-widget-heading .elementor-heading-title.elementor-size-small{font-size:15px}.elementor-widget-heading .elementor-heading-title.elementor-size-medium{font-size:19px}.elementor-widget-heading .elementor-heading-title.elementor-size-large{font-size:29px}.elementor-widget-heading .elementor-heading-title.elementor-size-xl{font-size:39px}.elementor-widget-heading .elementor-heading-title.elementor-size-xxl{font-size:59px}<\/style><h2 class=\"elementor-heading-title elementor-size-default\">O\u00d9 TROUVER NOS PRODUITS<\/h2>\t\t<\/div>\n\t\t\t\t<\/div>\n\t\t\t\t<div class=\"elementor-element elementor-element-120791a elementor-widget elementor-widget-text-editor\" data-id=\"120791a\" data-element_type=\"widget\" data-widget_type=\"text-editor.default\">\n\t\t\t\t<div class=\"elementor-widget-container\">\n\t\t\t<style>\/*! elementor - v3.6.2 - 04-04-2022 *\/\n.elementor-widget-text-editor.elementor-drop-cap-view-stacked .elementor-drop-cap{background-color:#818a91;color:#fff}.elementor-widget-text-editor.elementor-drop-cap-view-framed .elementor-drop-cap{color:#818a91;border:3px solid;background-color:transparent}.elementor-widget-text-editor:not(.elementor-drop-cap-view-default) .elementor-drop-cap{margin-top:8px}.elementor-widget-text-editor:not(.elementor-drop-cap-view-default) .elementor-drop-cap-letter{width:1em;height:1em}.elementor-widget-text-editor .elementor-drop-cap{float:left;text-align:center;line-height:1;font-size:50px}.elementor-widget-text-editor .elementor-drop-cap-letter{display:inline-block}<\/style>\t\t\t\t<p style=\"text-align: left;\">(Liste sera mise \u00e0 jour au fur et \u00e0 mesure que les points de vente s'ajoutent)<\/p><p><span style=\"font-weight: bold; color: #7a7a7a; font-family: Roboto, sans-serif;\"><span style=\"color: #008000;\">\u00a0<\/span><\/span><\/p><p><a href=\"https:\/\/bodhigourmet.com\/fr\/where-to-find\/\"><span style=\"font-weight: bold; color: #7a7a7a; font-family: Roboto, sans-serif;\"><span style=\"color: #008000;\">Cliquer ici pour les points de vente par nom de magasin<\/span><\/span><\/a><\/p><p><strong><span style=\"color: #800000;\">Plusieurs des magasins ci-dessous offrent la livraison locale. Contactez-les pour plus de d\u00e9tails.<\/span><\/strong><\/p>\t\t\t\t\t\t<\/div>\n\t\t\t\t<\/div>\n\t\t\t\t\t<\/div>\n\t\t<\/div>\n\t\t\t\t<div class=\"elementor-column elementor-col-50 elementor-top-column elementor-element elementor-element-7ee1924\" data-id=\"7ee1924\" data-element_type=\"column\">\n\t\t\t<div class=\"elementor-widget-wrap elementor-element-populated\">\n\t\t\t\t\t\t\t\t<div class=\"elementor-element elementor-element-cb11ce8 elementor-widget elementor-widget-image\" data-id=\"cb11ce8\" data-element_type=\"widget\" data-widget_type=\"image.default\">\n\t\t\t\t<div class=\"elementor-widget-container\">\n\t\t\t<style>\/*! elementor - v3.6.2 - 04-04-2022 *\/\n.elementor-widget-image{text-align:center}.elementor-widget-image a{display:inline-block}.elementor-widget-image a img[src$=\".svg\"]{width:48px}.elementor-widget-image img{vertical-align:middle;display:inline-block}<\/style>\t\t\t\t\t\t\t\t\t\t\t\t<img decoding=\"async\" src=\"https:\/\/bodhigourmet.com\/wp-content\/uploads\/elementor\/thumbs\/Four-sauces-transparent-back-1000-x-1000-px-1-raug4iwu7ewd9cdzwc6x75skywq28tqxnvm38at234.png\" title=\"Four sauces transparent back (1000 x 1000 px)\" alt=\"Four sauces transparent back (1000 x 1000 px)\" \/>\t\t\t\t\t\t\t\t\t\t\t\t\t\t\t<\/div>\n\t\t\t\t<\/div>\n\t\t\t\t\t<\/div>\n\t\t<\/div>\n\t\t\t\t\t\t\t<\/div>\n\t\t<\/section>\n\t\t\t\t<section class=\"elementor-section elementor-top-section elementor-element elementor-element-5340b5f elementor-section-boxed elementor-section-height-default elementor-section-height-default wpr-particle-no wpr-jarallax-no wpr-parallax-no wpr-sticky-section-no\" data-id=\"5340b5f\" data-element_type=\"section\">\n\t\t\t\t\t\t<div class=\"elementor-container elementor-column-gap-default\">\n\t\t\t\t\t<div class=\"elementor-column elementor-col-100 elementor-top-column elementor-element elementor-element-4c26868\" data-id=\"4c26868\" data-element_type=\"column\">\n\t\t\t<div class=\"elementor-widget-wrap elementor-element-populated\">\n\t\t\t\t\t\t\t\t<div class=\"elementor-element elementor-element-4bb5fa2 elementor-widget elementor-widget-heading\" data-id=\"4bb5fa2\" data-element_type=\"widget\" data-widget_type=\"heading.default\">\n\t\t\t\t<div class=\"elementor-widget-container\">\n\t\t\t<h3 class=\"elementor-heading-title elementor-size-medium\">EN LIGNE<\/h3>\t\t<\/div>\n\t\t\t\t<\/div>\n\t\t\t\t\t<\/div>\n\t\t<\/div>\n\t\t\t\t\t\t\t<\/div>\n\t\t<\/section>\n\t\t\t\t<section class=\"elementor-section elementor-top-section elementor-element elementor-element-a170db8 elementor-section-boxed elementor-section-height-default elementor-section-height-default wpr-particle-no wpr-jarallax-no wpr-parallax-no wpr-sticky-section-no\" data-id=\"a170db8\" data-element_type=\"section\">\n\t\t\t\t\t\t<div class=\"elementor-container elementor-column-gap-default\">\n\t\t\t\t\t<div class=\"elementor-column elementor-col-100 elementor-top-column elementor-element elementor-element-15f9ad3\" data-id=\"15f9ad3\" data-element_type=\"column\">\n\t\t\t<div class=\"elementor-widget-wrap elementor-element-populated\">\n\t\t\t\t\t\t\t\t<div class=\"elementor-element elementor-element-9450954 elementor-widget elementor-widget-text-editor\" data-id=\"9450954\" data-element_type=\"widget\" data-widget_type=\"text-editor.default\">\n\t\t\t\t<div class=\"elementor-widget-container\">\n\t\t\t\t\t\t\t<h3 style=\"font-family: 'Roboto Condensed', sans-serif; font-weight: 500; color: #000000; font-size: 20px; text-transform: none; letter-spacing: 2.8px; word-spacing: 2px; text-align: center;\" data-elementor-setting-key=\"title\" data-pen-placeholder=\"Type Here...\"><span style=\"font-weight: bold;\">Partout au Canada<\/span><\/h3><ul style=\"font-size: 20px; background-color: #ffffff; color: #000000; font-family: 'Roboto Condensed', sans-serif; letter-spacing: 2px;\"><li style=\"font-size: 20px;\"><strong><span style=\"color: #db0fb9;\"><a style=\"color: #db0fb9;\" href=\"https:\/\/alimentsmerci.com\/?s=Bodhi&amp;post_type=product\" target=\"_blank\" rel=\"noopener\">Aliments Merci<\/a><\/span><\/strong><\/li><li style=\"font-size: 20px;\"><strong><span style=\"color: #db0fb9;\"><a style=\"color: #db0fb9;\" href=\"https:\/\/avril.ca\/en\/catalogsearch\/result\/?q=bodhi+gourmet\" target=\"_blank\" rel=\"noopener\"><strong><span style=\"color: #ff00ff;\">Avril &#8211; Supermarch\u00e9 Sant\u00e9<\/span><\/strong><\/a><\/span><\/strong><strong><br \/><\/strong><\/li><\/ul>\t\t\t\t\t\t<\/div>\n\t\t\t\t<\/div>\n\t\t\t\t\t<\/div>\n\t\t<\/div>\n\t\t\t\t\t\t\t<\/div>\n\t\t<\/section>\n\t\t\t\t<section class=\"elementor-section elementor-top-section elementor-element elementor-element-7b893d8 elementor-section-boxed elementor-section-height-default elementor-section-height-default wpr-particle-no wpr-jarallax-no wpr-parallax-no wpr-sticky-section-no\" data-id=\"7b893d8\" data-element_type=\"section\">\n\t\t\t\t\t\t<div class=\"elementor-container elementor-column-gap-default\">\n\t\t\t\t\t<div class=\"elementor-column elementor-col-100 elementor-top-column elementor-element elementor-element-3817c08\" data-id=\"3817c08\" data-element_type=\"column\">\n\t\t\t<div class=\"elementor-widget-wrap elementor-element-populated\">\n\t\t\t\t\t\t\t\t<div class=\"elementor-element elementor-element-1fcb605 elementor-widget elementor-widget-heading\" data-id=\"1fcb605\" data-element_type=\"widget\" data-widget_type=\"heading.default\">\n\t\t\t\t<div class=\"elementor-widget-container\">\n\t\t\t<h3 class=\"elementor-heading-title elementor-size-medium\"><br><br>En magasin<\/h3>\t\t<\/div>\n\t\t\t\t<\/div>\n\t\t\t\t\t<\/div>\n\t\t<\/div>\n\t\t\t\t\t\t\t<\/div>\n\t\t<\/section>\n\t\t\t\t<section class=\"elementor-section elementor-top-section elementor-element elementor-element-5af8603 elementor-section-boxed elementor-section-height-default elementor-section-height-default wpr-particle-no wpr-jarallax-no wpr-parallax-no wpr-sticky-section-no\" data-id=\"5af8603\" data-element_type=\"section\">\n\t\t\t\t\t\t<div class=\"elementor-container elementor-column-gap-default\">\n\t\t\t\t\t<div class=\"elementor-column elementor-col-100 elementor-top-column elementor-element elementor-element-94d863f\" data-id=\"94d863f\" data-element_type=\"column\">\n\t\t\t<div class=\"elementor-widget-wrap elementor-element-populated\">\n\t\t\t\t\t\t\t\t<div class=\"elementor-element elementor-element-49bd8ed elementor-widget elementor-widget-text-editor\" data-id=\"49bd8ed\" data-element_type=\"widget\" data-widget_type=\"text-editor.default\">\n\t\t\t\t<div class=\"elementor-widget-container\">\n\t\t\t\t\t\t\t<p style=\"text-align: center;\"><span style=\"font-weight: bold; color: #000000; font-family: 'Roboto Condensed', sans-serif; font-size: 20px; letter-spacing: 2px; text-align: center; background-color: transparent;\">Ontario<\/span><\/p>\n<h2 style=\"font-family: 'Roboto Condensed', sans-serif; font-weight: 500; color: #000000; font-size: 20px; letter-spacing: 2px;\" data-elementor-setting-key=\"title\" data-pen-placeholder=\"Type Here...\"><strong>Toronto<\/strong><\/h2>\n<h2 style=\"font-family: 'Roboto Condensed', sans-serif; font-weight: 500; color: #000000; font-size: 20px; letter-spacing: 2px;\" data-elementor-setting-key=\"title\" data-pen-placeholder=\"Type Here...\">&nbsp;<\/h2>\t\t\t\t\t\t<\/div>\n\t\t\t\t<\/div>\n\t\t\t\t\t<\/div>\n\t\t<\/div>\n\t\t\t\t\t\t\t<\/div>\n\t\t<\/section>\n\t\t\t\t<section class=\"elementor-section elementor-top-section elementor-element elementor-element-9b61451 elementor-section-boxed elementor-section-height-default elementor-section-height-default wpr-particle-no wpr-jarallax-no wpr-parallax-no wpr-sticky-section-no\" data-id=\"9b61451\" data-element_type=\"section\">\n\t\t\t\t\t\t<div class=\"elementor-container elementor-column-gap-default\">\n\t\t\t\t\t<div class=\"elementor-column elementor-col-100 elementor-top-column elementor-element elementor-element-6c40e0f\" data-id=\"6c40e0f\" data-element_type=\"column\">\n\t\t\t<div class=\"elementor-widget-wrap elementor-element-populated\">\n\t\t\t\t\t\t\t\t<div class=\"elementor-element elementor-element-75eb661 elementor-widget elementor-widget-text-editor\" data-id=\"75eb661\" data-element_type=\"widget\" data-widget_type=\"text-editor.default\">\n\t\t\t\t<div class=\"elementor-widget-container\">\n\t\t\t\t\t\t\t<p style=\"text-align: center;\"><span style=\"font-weight: bold; color: #000000; font-family: 'Roboto Condensed', sans-serif; font-size: 20px; letter-spacing: 2px; text-align: center; background-color: transparent;\">\u00a0<\/span><\/p><p style=\"text-align: center;\"><span style=\"font-weight: bold; color: #000000; font-family: 'Roboto Condensed', sans-serif; font-size: 20px; letter-spacing: 2px; text-align: center; background-color: transparent;\">Qu\u00e9bec<\/span><\/p><p style=\"text-align: center;\" class=\" translation-block\">(Plusieurs magasins offrent aussi la livraison <b>locale<\/b>. Contactez les pour plus de d\u00e9tails.)<\/p><h2 style=\"font-family: 'Roboto Condensed', sans-serif; font-weight: 500; color: #000000; font-size: 20px; letter-spacing: 2px;\" data-elementor-setting-key=\"title\" data-pen-placeholder=\"Type Here...\"><strong>BROSSARD<\/strong><\/h2><ul style=\"font-size: 20px; background-color: #ffffff; color: #000000; font-family: 'Roboto Condensed', sans-serif; letter-spacing: 2px;\"><li style=\"font-size: 20px;\"><span style=\"font-weight: bold;\">Avril Brossard: <\/span>Quartier DIX30, 8600, boulevard Leduc, Brossard J4Y 0G6<\/li><\/ul><h2 style=\"font-family: 'Roboto Condensed', sans-serif; font-weight: 500; color: #000000; font-size: 20px; letter-spacing: 2px;\" data-elementor-setting-key=\"title\" data-pen-placeholder=\"Type Here...\"><strong>EASTMAN<\/strong><\/h2><ul style=\"font-size: 20px; background-color: #ffffff; color: #000000; font-family: 'Roboto Condensed', sans-serif; letter-spacing: 2px;\"><li><strong>Le Bowen Caf\u00e9 :<\/strong> 409 Rue Principale, Eastman\u00a0J0E 1P0<\/li><\/ul><h2 style=\"font-family: 'Roboto Condensed', sans-serif; font-weight: 500; color: #000000; font-size: 20px; letter-spacing: 2px;\" data-elementor-setting-key=\"title\" data-pen-placeholder=\"Type Here...\"><strong>GATINEAU<\/strong><\/h2><ul style=\"font-size: 20px; background-color: #ffffff; color: #000000; font-family: 'Roboto Condensed', sans-serif; letter-spacing: 2px;\"><li><span style=\"font-weight: bold;\">Provigo Almer : <\/span>375 chemin d&#8217;Aylmer, Gatineau J9H 1A5<\/li><\/ul><h2 style=\"font-family: 'Roboto Condensed', sans-serif; font-weight: 500; color: #000000; font-size: 20px; letter-spacing: 2px;\" data-elementor-setting-key=\"title\" data-pen-placeholder=\"Type Here...\"><strong>GRANBY<\/strong><\/h2><ul style=\"font-size: 20px; background-color: #ffffff; color: #000000; font-family: 'Roboto Condensed', sans-serif; letter-spacing: 2px;\"><li><span style=\"font-weight: bold;\">Avril Granby :<\/span>11, rue \u00c9vang\u00e9line, Granby J2G 6N3<\/li><\/ul><h2 style=\"font-family: 'Roboto Condensed', sans-serif; font-weight: 500; color: #000000; font-size: 20px; letter-spacing: 2px;\" data-elementor-setting-key=\"title\" data-pen-placeholder=\"Type Here...\"><strong>L\u00c9VIS<\/strong><\/h2><ul style=\"font-size: 20px; background-color: #ffffff; color: #000000; font-family: 'Roboto Condensed', sans-serif; letter-spacing: 2px;\"><li><strong>Avril L\u00e9vis <\/strong>: Carrefour Saint-Romuald, 1218, rue de la Concorde, L\u00e9vis G6W 0M7<\/li><\/ul><h2 style=\"font-family: 'Roboto Condensed', sans-serif; font-weight: 500; color: #000000; font-size: 20px; letter-spacing: 2px;\" data-elementor-setting-key=\"title\" data-pen-placeholder=\"Type Here...\"><strong>LAVAL<\/strong><\/h2><ul style=\"font-size: 20px; background-color: #ffffff; color: #000000; font-family: 'Roboto Condensed', sans-serif; letter-spacing: 2px;\"><li><strong>Avril Laval <\/strong>: Centre Laval, A1-1660, boul. Le Corbusier, Laval H7S 1Z2<\/li><li><strong>IGA Extra \u2013 March\u00e9 Lavall\u00e9e :<\/strong> 1535 Boul. Le Corbusier, Laval H7S 1Z3<\/li><li><strong>Metro Plus D\u00e9patie :<\/strong> 1100 boul. de l\u2019Avenir, Laval H7N 6L2<\/li><\/ul><h2 style=\"font-family: 'Roboto Condensed', sans-serif; font-weight: 500; color: #000000; font-size: 20px; letter-spacing: 2px;\" data-elementor-setting-key=\"title\" data-pen-placeholder=\"Type Here...\"><strong>LONGUEUIL<\/strong><\/h2><ul style=\"font-size: 20px; background-color: #ffffff; color: #000000; font-family: 'Roboto Condensed', sans-serif; letter-spacing: 2px;\"><li style=\"font-size: 20px;\"><span style=\"font-weight: bold;\">Avril Longueuil:<\/span> 1185, chemin du Tremblay, Longueuil J4N 1R4<\/li><\/ul><h2 style=\"font-family: 'Roboto Condensed', sans-serif; font-weight: 500; color: #000000; font-size: 20px; letter-spacing: 2px;\" data-elementor-setting-key=\"title\" data-pen-placeholder=\"Type Here...\"><strong>MAGOG<\/strong><\/h2><ul style=\"font-size: 20px; background-color: #ffffff; color: #000000; font-family: 'Roboto Condensed', sans-serif; letter-spacing: 2px;\"><li style=\"font-size: 20px;\"><span style=\"font-weight: bold;\">Avril Magog:<\/span> Carrefour Sant\u00e9 Globale, 2385, rue Principale ouest, Magog J1X 0J4<\/li><\/ul><h2 style=\"font-family: 'Roboto Condensed', sans-serif; font-weight: 500; color: #000000; font-size: 20px; letter-spacing: 2px;\" data-elementor-setting-key=\"title\" data-pen-placeholder=\"Type Here...\"><strong>MONTR\u00c9AL<\/strong><\/h2><ul style=\"font-size: 20px; background-color: #ffffff; color: #000000; font-family: 'Roboto Condensed', sans-serif; letter-spacing: 2px;\"><li><strong>\u00c0 Votre Sant\u00e9 \u2013 \u00c9picerie sant\u00e9 :<\/strong> 5126 rue Sherbrooke Ouest, Montr\u00e9al H4A 1T1<\/li><li><strong>Avril Griffintown <\/strong>: Griffin Square, 1100, rue Ottawa, Montr\u00e9al H3C 0V6<\/li><li><strong>Avril Humaniti <\/strong>: Quartier international, 375, avenue Viger Ouest, Montr\u00e9al\u00a0 H2Z 0C1<\/li><li><strong>Fika Vegane :<\/strong> 6725 Rue De Marseille, Montr\u00e9al<\/li><li><strong>Supermarch\u00e9 Mile-End :<\/strong> 5600 Avenue Du Parc, Montr\u00e9al H2N 2A2<\/li><li><strong>Intermarch\u00e9 Universel<\/strong> : 89 Mont-Royal Ave E, Montr\u00e9al H2T 1N6<\/li><li><strong>La G\u00e9n\u00e9rale \u00c9codep inc.:<\/strong> 1290 rue Laurier Est, Montreal H2J 1H1<\/li><li><strong>M\u00e9ga Vrac Rosemont<\/strong> : 3101 Rue Masson, Montr\u00e9al H1Y 1W1<\/li><li><strong>M\u00e9ga Vrac Villeray<\/strong> : 421 Rue Villeray E, Montr\u00e9al H2R 1H2<\/li><li><strong>Metro Beaulieu Mont-Royal :<\/strong> 2275 Ave Mont-Royal E., Montr\u00e9al H2H 1K7<\/li><li><strong>Provigo Angus (Provigo Fortin):<\/strong> 2925 Rue Rachel E, Montr\u00e9al H1W 3Z8<\/li><\/ul><h2 style=\"font-family: 'Roboto Condensed', sans-serif; font-weight: 500; color: #000000; font-size: 20px; letter-spacing: 2px;\" data-elementor-setting-key=\"title\" data-pen-placeholder=\"Type Here...\"><strong>MONT-ST-HILAIRE<\/strong><\/h2><ul style=\"font-size: 20px; background-color: #ffffff; color: #000000; font-family: 'Roboto Condensed', sans-serif; letter-spacing: 2px;\"><li><span style=\"font-weight: bold;\">L&#8217;Eau Vive aliments naturels :<\/span>\u00a0248 Rue St Georges, Mont-Saint-Hilaire J3H 2Y1<\/li><\/ul><h2 style=\"font-family: 'Roboto Condensed', sans-serif; font-weight: 500; color: #000000; font-size: 20px; letter-spacing: 2px;\" data-elementor-setting-key=\"title\" data-pen-placeholder=\"Type Here...\"><strong>NOTRE-DAME-DE-L&#8217;ILE PERROT<\/strong><\/h2><ul style=\"font-size: 20px; background-color: #ffffff; color: #000000; font-family: 'Roboto Condensed', sans-serif; letter-spacing: 2px;\"><li><strong>La Ferme Quinn:<\/strong> 2495 Boulevard Perrot, Notre-Dame-de-l&#8217;\u00cele-Perrot\u00a0 J7W 2K8<\/li><\/ul><h2 style=\"font-family: 'Roboto Condensed', sans-serif; font-weight: 500; color: #000000; font-size: 20px; letter-spacing: 2px;\" data-elementor-setting-key=\"title\" data-pen-placeholder=\"Type Here...\"><strong>REPENTIGNY<\/strong><\/h2><ul style=\"font-size: 20px; background-color: #ffffff; color: #000000; font-family: 'Roboto Condensed', sans-serif; letter-spacing: 2px;\"><li><strong>Avril Repentigny <\/strong>: Galeries Rive-Nord, 100, boulevard Brien, Local 067A, Repentigny J6A 5N4<\/li><\/ul><h2 style=\"font-family: 'Roboto Condensed', sans-serif; font-weight: 500; color: #000000; font-size: 20px; letter-spacing: 2px;\" data-elementor-setting-key=\"title\" data-pen-placeholder=\"Type Here...\"><strong>SAINT-BRUNO<\/strong><\/h2><ul style=\"font-size: 20px; background-color: #ffffff; color: #000000; font-family: 'Roboto Condensed', sans-serif; letter-spacing: 2px;\"><li><strong>Avril Saint-Bruno <\/strong>: CF Promenades St-Bruno, 500, boulevard des Promenades, Saint-Bruno-de-Montarville J3V 5J5<\/li><\/ul><h2 style=\"font-family: 'Roboto Condensed', sans-serif; font-weight: 500; color: #000000; font-size: 20px; letter-spacing: 2px;\" data-elementor-setting-key=\"title\" data-pen-placeholder=\"Type Here...\"><strong>SAINTE-FOY<\/strong><\/h2><ul style=\"font-size: 20px; background-color: #ffffff; color: #000000; font-family: 'Roboto Condensed', sans-serif; letter-spacing: 2px;\"><li><strong>Avril Sainte-Foy<\/strong>: Place de la cit\u00e9, 2600, boulevard Laurier, Ste-Foy G1V 4T3<\/li><\/ul><h2 style=\"font-family: 'Roboto Condensed', sans-serif; font-weight: 500; color: #000000; font-size: 20px; letter-spacing: 2px;\" data-elementor-setting-key=\"title\" data-pen-placeholder=\"Type Here...\"><strong>SHERBROOKE<\/strong><\/h2><ul style=\"font-size: 20px; background-color: #ffffff; color: #000000; font-family: 'Roboto Condensed', sans-serif; letter-spacing: 2px;\"><li><strong>Avril Sherbrooke<\/strong>: Complexe de la sant\u00e9, 35, rue J.-A. Bombardier, Sherbrooke J1L 0H8<\/li><\/ul><h2 style=\"font-family: 'Roboto Condensed', sans-serif; font-weight: 500; color: #000000; font-size: 20px; letter-spacing: 2px;\" data-elementor-setting-key=\"title\" data-pen-placeholder=\"Type Here...\"><strong>QU\u00c9BEC<\/strong><\/h2><ul style=\"font-size: 20px; background-color: #ffffff; color: #000000; font-family: 'Roboto Condensed', sans-serif; letter-spacing: 2px;\"><li><strong>Avril Qu\u00e9bec Lebourgneuf<\/strong>: Espace Bouvier, 1033, rue des Rocailles, Qu\u00e9bec G2K 0L4<\/li><li><span style=\"font-weight: bold;\">Le Crac &#8211; Carotte Joyeuse \u00c9picerie Sant\u00e9:<\/span>\u00a0\u00a0690 Rue Saint-Jean,\u00a0Qu\u00e9bec G1R 1P8<\/li><\/ul><h2 style=\"font-family: 'Roboto Condensed', sans-serif; font-weight: 500; color: #000000; font-size: 20px; letter-spacing: 2px;\" data-elementor-setting-key=\"title\" data-pen-placeholder=\"Type Here...\"><strong>VERDUN<\/strong><\/h2><ul style=\"font-size: 20px; background-color: #ffffff; color: #000000; font-family: 'Roboto Condensed', sans-serif; letter-spacing: 2px;\"><li><strong>IGA G\u00e9rard Champagne :<\/strong> 5144 rue Bannantyne, Verdun H4G 1G5<\/li><\/ul><div><ul><li style=\"list-style-type: none;\">\u00a0<\/li><\/ul><\/div>\t\t\t\t\t\t<\/div>\n\t\t\t\t<\/div>\n\t\t\t\t\t<\/div>\n\t\t<\/div>\n\t\t\t\t\t\t\t<\/div>\n\t\t<\/section>\n\t\t\t\t\t\t\t<\/div>","protected":false},"excerpt":{"rendered":"<p>WHERE TO FIND OUR PRODUCTS (List will be updated as more locations are added) \u00a0 To see the locations sorted&hellip;<\/p>","protected":false},"author":1,"featured_media":0,"parent":0,"menu_order":0,"comment_status":"closed","ping_status":"closed","template":"elementor_canvas","meta":[],"_links":{"self":[{"href":"https:\/\/bodhigourmet.com\/fr\/wp-json\/wp\/v2\/pages\/429"}],"collection":[{"href":"https:\/\/bodhigourmet.com\/fr\/wp-json\/wp\/v2\/pages"}],"about":[{"href":"https:\/\/bodhigourmet.com\/fr\/wp-json\/wp\/v2\/types\/page"}],"author":[{"embeddable":true,"href":"https:\/\/bodhigourmet.com\/fr\/wp-json\/wp\/v2\/users\/1"}],"replies":[{"embeddable":true,"href":"https:\/\/bodhigourmet.com\/fr\/wp-json\/wp\/v2\/comments?post=429"}],"version-history":[{"count":193,"href":"https:\/\/bodhigourmet.com\/fr\/wp-json\/wp\/v2\/pages\/429\/revisions"}],"predecessor-version":[{"id":1143,"href":"https:\/\/bodhigourmet.com\/fr\/wp-json\/wp\/v2\/pages\/429\/revisions\/1143"}],"wp:attachment":[{"href":"https:\/\/bodhigourmet.com\/fr\/wp-json\/wp\/v2\/media?parent=429"}],"curies":[{"name":"wp","href":"https:\/\/api.w.org\/{rel}","templated":true}]}}